{"id":940,"date":"2023-02-09T14:05:36","date_gmt":"2023-02-09T14:05:36","guid":{"rendered":"http:\/\/virtuva.uva.es\/site\/?page_id=940"},"modified":"2026-02-05T10:27:57","modified_gmt":"2026-02-05T10:27:57","slug":"planetas","status":"publish","type":"page","link":"https:\/\/virtuva.uva.es\/site\/innovacion-docente\/planetas\/","title":{"rendered":"Planetas"},"content":{"rendered":"\n<div class=\"wp-block-columns is-layout-flex wp-container-core-columns-is-layout-9d6595d7 wp-block-columns-is-layout-flex\">\n<div class=\"wp-block-column is-layout-flow wp-block-column-is-layout-flow\" style=\"flex-basis:66.66%\">\n<p>La mejora de la calidad docente es un proceso complejo en el que intervienen numerosos factores y que requiere, entre otros recursos, la implantaci\u00f3n de estructuras de apoyo institucionales, la formaci\u00f3n continua del profesorado y la creaci\u00f3n de redes docentes basadas en la colaboraci\u00f3n. <\/p>\n\n\n\n<p>Los <strong>Grupos de Innovaci\u00f3n Docente Institucionales<\/strong>, impulsados por el Vicerrectorado de Innovaci\u00f3n Docente y Transformaci\u00f3n Digital por medio del Centro VirtUVa, tienen como objetivo final fomentar la reflexi\u00f3n conjunta, la interacci\u00f3n y la cooperaci\u00f3n del profesorado de la Universidad de Valladolid para establecer un uso flexible, creativo y adaptado a las necesidades cambiantes de las herramientas de interacci\u00f3n y colaboraci\u00f3n en el \u00e1mbito docente de las que dispone la instituci\u00f3n, as\u00ed como de otras herramientas que forman parte del ecosistema docente e investigador. <\/p>\n\n\n\n<div class=\"wp-block-buttons is-layout-flex wp-block-buttons-is-layout-flex\">\n<div class=\"wp-block-button is-style-outline is-style-outline--1\"><a class=\"wp-block-button__link has-white-background-color has-text-color has-background wp-element-button\" href=\"http:\/\/virtuva.uva.es\/site\/wp-content\/uploads\/2026\/02\/NORMAS-DE-FUNCIONAMIENTO-PLANETAS-UVa-definitivo.pdf\" style=\"border-radius:4px;color:#a50034\"  title=\"La informaci\u00f3n se abrir\u00e1 en una nueva ventana\" target=\"_blank\">Normas de funcionamiento del proyecto Planetas<\/a><\/div>\n<\/div>\n<\/div>\n\n\n\n<div class=\"wp-block-column is-layout-flow wp-block-column-is-layout-flow\" style=\"flex-basis:33.33%\">\n<div class=\"wp-block-cover is-light h-100 d-none d-md-block\"><img loading=\"lazy\" decoding=\"async\" width=\"580\" height=\"578\" class=\"wp-block-cover__image-background wp-image-993\" alt=\"\" src=\"http:\/\/virtuva.uva.es\/site\/wp-content\/uploads\/2023\/02\/planeta_decorativo.jpg\" data-object-fit=\"cover\" srcset=\"https:\/\/virtuva.uva.es\/site\/wp-content\/uploads\/2023\/02\/planeta_decorativo.jpg 580w, https:\/\/virtuva.uva.es\/site\/wp-content\/uploads\/2023\/02\/planeta_decorativo-300x300.jpg 300w, https:\/\/virtuva.uva.es\/site\/wp-content\/uploads\/2023\/02\/planeta_decorativo-150x150.jpg 150w\" sizes=\"auto, (max-width: 580px) 100vw, 580px\" \/><span aria-hidden=\"true\" class=\"wp-block-cover__background has-background-dim\" style=\"background-color:#003a70\"><\/span><div class=\"wp-block-cover__inner-container is-layout-flow wp-block-cover-is-layout-flow\">\n<p class=\"has-text-align-center has-large-font-size\"><\/p>\n<\/div><\/div>\n<\/div>\n<\/div>\n\n\n\n<div class=\"wp-block-cover alignfull is-light has-custom-content-position is-position-top-center\"><span aria-hidden=\"true\" class=\"wp-block-cover__background has-white-background-color has-background-dim-0 has-background-dim\"><\/span><div class=\"wp-block-cover__inner-container is-layout-flow wp-block-cover-is-layout-flow\">\n<div style=\"height:45px\" aria-hidden=\"true\" class=\"wp-block-spacer\"><\/div>\n\n\n\n<div class=\"wp-block-columns is-layout-flex wp-container-core-columns-is-layout-9d6595d7 wp-block-columns-is-layout-flex\">\n<div class=\"wp-block-column is-layout-flow wp-block-column-is-layout-flow\">\n\n<div class=\"wp-block-cover mb-3 p-2 mas-info\" style=\"min-height:250px;aspect-ratio:unset;\"><img decoding=\"async\" class=\"wp-block-cover__image-background wp-image-3509 size-full\" alt=\"\" src=\"http:\/\/virtuva.uva.es\/site\/wp-content\/uploads\/2026\/02\/PLANETA-Interaccion_001.png\" style=\"object-position:16% 35%\" data-object-fit=\"cover\" data-object-position=\"16% 35%\"\/><span aria-hidden=\"true\" class=\"wp-block-cover__background has-vivid-red-background-color has-background-dim-0 has-background-dim\"><\/span><div class=\"wp-block-cover__inner-container is-layout-flow wp-block-cover-is-layout-flow\">\n\n<p class=\"has-text-align-center has-black-color has-text-color has-link-color has-medium-font-size wp-elements-96e9182e96e4679669951b7f2f7d5a49\"><\/p>\n\n<\/div><\/div>\n\n\n<p class=\"has-text-align-center has-medium-font-size\">\n  <a href=\"https:\/\/virtuva.uva.es\/site\/planeta-uvainteraccion\/\" target=\"_blank\" rel=\"noreferrer noopener\">\n    <strong>Planeta UVaInteracci\u00f3n<\/strong>\n  <\/a>\n<\/p>\n\n\n<div class=\"wp-block-cover mb-3 p-2 mas-info text-white\" style=\"min-height:250px;aspect-ratio:unset;\"><img decoding=\"async\" class=\"wp-block-cover__image-background wp-image-3511 size-full\" alt=\"\" src=\"http:\/\/virtuva.uva.es\/site\/wp-content\/uploads\/2026\/02\/PLANETA-COIL_001.png\" style=\"object-position:44% 91%\" data-object-fit=\"cover\" data-object-position=\"44% 91%\"\/><span aria-hidden=\"true\" class=\"wp-block-cover__background has-vivid-red-background-color has-background-dim-0 has-background-dim\"><\/span><div class=\"wp-block-cover__inner-container is-layout-flow wp-block-cover-is-layout-flow\">\n\n<p class=\"has-text-align-center has-black-color has-text-color has-link-color has-medium-font-size wp-elements-96e9182e96e4679669951b7f2f7d5a49\"><\/p>\n\n\n<\/div><\/div>\n\n<p class=\"has-text-align-center has-medium-font-size\"><a href=\"https:\/\/virtuva.uva.es\/site\/planeta-uvacoil\/\" target=\"_blank\" rel=\"noreferrer noopener\"><strong>Planeta UVaCOIL<\/strong> <\/a><\/p>\n\n<\/div>\n\n\n\n<div class=\"wp-block-column is-layout-flow wp-block-column-is-layout-flow\">\n\n<div class=\"wp-block-cover mb-3 mas-info\" style=\"min-height:250px;aspect-ratio:unset;\"><img decoding=\"async\" class=\"wp-block-cover__image-background wp-image-3512 size-full\" alt=\"\" src=\"http:\/\/virtuva.uva.es\/site\/wp-content\/uploads\/2026\/02\/PLANETA-Teams_001.png\" data-object-fit=\"cover\"\/><span aria-hidden=\"true\" class=\"wp-block-cover__background has-vivid-red-background-color has-background-dim-0 has-background-dim\"><\/span><div class=\"wp-block-cover__inner-container is-layout-flow wp-block-cover-is-layout-flow\">\n\n<p class=\"has-text-align-center has-black-color has-text-color has-medium-font-size\"><\/p>\n\n<\/div><\/div>\n\n\n<p class=\"has-text-align-center has-medium-font-size\"><a href=\"https:\/\/virtuva.uva.es\/site\/planeta-uvateams\/\" target=\"_blank\" rel=\"noreferrer noopener\"><strong>Planeta UVaTeams<\/strong> <\/a><\/p>\n\n\n<div class=\"wp-block-cover mb-3 p-2 mas-info text-white\" style=\"min-height:250px;aspect-ratio:unset;\"><img decoding=\"async\" class=\"wp-block-cover__image-background wp-image-3510 size-full\" alt=\"\" src=\"http:\/\/virtuva.uva.es\/site\/wp-content\/uploads\/2026\/02\/PLANETA-Transforma_001.png\" style=\"object-position:41% 50%\" data-object-fit=\"cover\" data-object-position=\"41% 50%\"\/><span aria-hidden=\"true\" class=\"wp-block-cover__background has-vivid-red-background-color has-background-dim-0 has-background-dim\"><\/span><div class=\"wp-block-cover__inner-container is-layout-flow wp-block-cover-is-layout-flow\">\n\n<p class=\"has-text-align-center has-black-color has-text-color has-link-color has-medium-font-size wp-elements-96e9182e96e4679669951b7f2f7d5a49\"><\/p>\n\n\n<\/div><\/div>\n\n<p class=\"has-text-align-center has-medium-font-size\">\n  <a href=\"https:\/\/virtuva.uva.es\/site\/planeta-uvatransforma3-transformacion-y-transicion-estructural-de-los-grados-hacia-proyectos-transdisciplinares\/\" target=\"_blank\" rel=\"noreferrer noopener\">\n    <strong>Planeta UVaTrans(forma)<sup>3<\/sup><\/strong>\n  <\/a>\n<\/p>\n\n<\/div>\n\n\n\n<div class=\"wp-block-column is-layout-flow wp-block-column-is-layout-flow\">\n\n<div class=\"wp-block-cover mb-3 mas-info\" style=\"min-height:250px;aspect-ratio:unset;\"><img decoding=\"async\" class=\"wp-block-cover__image-background wp-image-3513 size-full\" alt=\"\" src=\"http:\/\/virtuva.uva.es\/site\/wp-content\/uploads\/2026\/02\/PLANETA-AcademIA_001.png\" data-object-fit=\"cover\"\/><span aria-hidden=\"true\" class=\"wp-block-cover__background has-vivid-red-background-color has-background-dim-0 has-background-dim\"><\/span><div class=\"wp-block-cover__inner-container is-layout-flow wp-block-cover-is-layout-flow\">\n\n\n<\/div><\/div>\n\n<p class=\"has-text-align-center has-medium-font-size\"><a href=\"https:\/\/virtuva.uva.es\/site\/planeta-uvaacadem-ia\/\" target=\"_blank\" rel=\"noreferrer noopener\"><strong>Planeta UVaAcademIA<\/strong> <\/a><\/p>\n\n<\/div>\n<\/div>\n<\/div><\/div>\n\n\n\n<div class=\"wp-block-columns is-layout-flex wp-container-core-columns-is-layout-9d6595d7 wp-block-columns-is-layout-flex\">\n<div class=\"wp-block-column is-layout-flow wp-block-column-is-layout-flow\"><\/div>\n\n\n\n<div class=\"wp-block-column is-layout-flow wp-block-column-is-layout-flow\" style=\"flex-basis:33%\"><\/div>\n\n\n\n<div class=\"wp-block-column is-layout-flow wp-block-column-is-layout-flow\" style=\"flex-basis:33%\"><\/div>\n\n\n\n<div class=\"wp-block-column is-layout-flow wp-block-column-is-layout-flow\"><\/div>\n<\/div>\n\n\n<p><!-- \/wp:post-content --><\/p>","protected":false},"excerpt":{"rendered":"<p>La mejora de la calidad docente es un proceso complejo en el que intervienen numerosos factores y que requiere, entre otros recursos, la implantaci\u00f3n de estructuras de apoyo institucionales, la formaci\u00f3n continua del profesorado y la creaci\u00f3n de redes docentes basadas en la colaboraci\u00f3n. Los Grupos de Innovaci\u00f3n Docente Institucionales, impulsados por el Vicerrectorado de [&hellip;]<\/p>\n","protected":false},"author":1,"featured_media":3442,"parent":927,"menu_order":0,"comment_status":"closed","ping_status":"closed","template":"fullwidth.php","meta":{"videodestacado":"","videodestacado_sr":"","footnotes":""},"categories":[],"tags":[],"class_list":["post-940","page","type-page","status-publish","has-post-thumbnail","hentry"],"_links":{"self":[{"href":"https:\/\/virtuva.uva.es\/site\/wp-json\/wp\/v2\/pages\/940","targetHints":{"allow":["GET"]}}],"collection":[{"href":"https:\/\/virtuva.uva.es\/site\/wp-json\/wp\/v2\/pages"}],"about":[{"href":"https:\/\/virtuva.uva.es\/site\/wp-json\/wp\/v2\/types\/page"}],"author":[{"embeddable":true,"href":"https:\/\/virtuva.uva.es\/site\/wp-json\/wp\/v2\/users\/1"}],"replies":[{"embeddable":true,"href":"https:\/\/virtuva.uva.es\/site\/wp-json\/wp\/v2\/comments?post=940"}],"version-history":[{"count":67,"href":"https:\/\/virtuva.uva.es\/site\/wp-json\/wp\/v2\/pages\/940\/revisions"}],"predecessor-version":[{"id":3735,"href":"https:\/\/virtuva.uva.es\/site\/wp-json\/wp\/v2\/pages\/940\/revisions\/3735"}],"up":[{"embeddable":true,"href":"https:\/\/virtuva.uva.es\/site\/wp-json\/wp\/v2\/pages\/927"}],"wp:featuredmedia":[{"embeddable":true,"href":"https:\/\/virtuva.uva.es\/site\/wp-json\/wp\/v2\/media\/3442"}],"wp:attachment":[{"href":"https:\/\/virtuva.uva.es\/site\/wp-json\/wp\/v2\/media?parent=940"}],"wp:term":[{"taxonomy":"category","embeddable":true,"href":"https:\/\/virtuva.uva.es\/site\/wp-json\/wp\/v2\/categories?post=940"},{"taxonomy":"post_tag","embeddable":true,"href":"https:\/\/virtuva.uva.es\/site\/wp-json\/wp\/v2\/tags?post=940"}],"curies":[{"name":"wp","href":"https:\/\/api.w.org\/{rel}","templated":true}]}}