{"id":938,"date":"2023-02-09T14:05:08","date_gmt":"2023-02-09T14:05:08","guid":{"rendered":"http:\/\/virtuva.uva.es\/site\/?page_id=938"},"modified":"2025-12-03T13:24:43","modified_gmt":"2025-12-03T13:24:43","slug":"grupos-de-innovacion-docente","status":"publish","type":"page","link":"https:\/\/virtuva.uva.es\/site\/innovacion-docente\/grupos-de-innovacion-docente\/","title":{"rendered":"Grupos de Innovaci\u00f3n Docente"},"content":{"rendered":"\n<div class=\"wp-block-columns is-layout-flex wp-container-core-columns-is-layout-9d6595d7 wp-block-columns-is-layout-flex\">\n<div class=\"wp-block-column is-layout-flow wp-block-column-is-layout-flow\" style=\"flex-basis:66.66%\">\n<p>Tambi\u00e9n, como apuesta por la innovaci\u00f3n docente, la Universidad de Valladolid lanza una convocatoria para la constituci\u00f3n de Grupos de Innovaci\u00f3n Docente(GID), con la finalidad de fomentar y apoyar los equipos de trabajo ya consolidados en convocatorias previas de Proyectos de Innovaci\u00f3n Docente (PID) de la UVa.<\/p>\n\n\n\n<p>Un GID se concibe como&nbsp;<strong>un equipo de trabajo que colabora de forma estable en la puesta en marcha de actividades diversas de innovaci\u00f3n y mejora continua de la docencia universitaria<\/strong>. Para ello, recibir\u00e1n apoyo institucional, que se concretar\u00e1 en el reconocimiento profesional, la incentivaci\u00f3n y, en funci\u00f3n de la disponibilidad presupuestaria de la UVa en cada ejercicio econ\u00f3mico, el acceso a un soporte econ\u00f3mico para las actividades propias de los objetivos propuestos.<\/p>\n<\/div>\n\n\n\n<div class=\"wp-block-column is-layout-flow wp-block-column-is-layout-flow\" style=\"flex-basis:33.33%\">\n<div class=\"wp-block-cover is-light h-100 d-none d-md-block\"><span aria-hidden=\"true\" class=\"wp-block-cover__background has-background-dim\" style=\"background-color:#003a70\"><\/span><img loading=\"lazy\" decoding=\"async\" width=\"882\" height=\"777\" class=\"wp-block-cover__image-background wp-image-966\" alt=\"Innovaci\u00f3n Docente\" src=\"http:\/\/virtuva.uva.es\/site\/wp-content\/uploads\/2023\/02\/gid.png\" style=\"object-position:54% 53%\" data-object-fit=\"cover\" data-object-position=\"54% 53%\" srcset=\"https:\/\/virtuva.uva.es\/site\/wp-content\/uploads\/2023\/02\/gid.png 882w, https:\/\/virtuva.uva.es\/site\/wp-content\/uploads\/2023\/02\/gid-300x264.png 300w, https:\/\/virtuva.uva.es\/site\/wp-content\/uploads\/2023\/02\/gid-768x677.png 768w\" sizes=\"auto, (max-width: 882px) 100vw, 882px\" \/><div class=\"wp-block-cover__inner-container is-layout-flow wp-block-cover-is-layout-flow\">\n<p class=\"has-text-align-center has-large-font-size\"><\/p>\n<\/div><\/div>\n<\/div>\n<\/div>\n\n\n\n<div class=\"wp-block-columns is-layout-flex wp-container-core-columns-is-layout-9d6595d7 wp-block-columns-is-layout-flex\">\n<div class=\"wp-block-column is-layout-flow wp-block-column-is-layout-flow\" style=\"flex-basis:66.66%\">\n<div class=\"wp-block-query is-layout-flow wp-block-query-is-layout-flow\"><ul class=\"wp-block-post-template is-layout-flow wp-block-post-template-is-layout-flow\"><li class=\"wp-block-post post-2947 post type-post status-publish format-standard hentry category-convocatorias category-convocatorias-gid\">\n<h2 style=\"font-size:24px;\" class=\"wp-block-post-title\">Convocatoria de Grupos de Innovaci\u00f3n Docente 2025\/2026<\/h2>\n\n<div class=\"entry-content wp-block-post-content is-layout-flow wp-block-post-content-is-layout-flow\">\n<p><strong>Informaci\u00f3n oficial de la convocatoria<\/strong><\/p>\n\n\n\n<ul class=\"wp-block-list\">\n<li><a href=\"http:\/\/virtuva.uva.es\/site\/wp-content\/uploads\/2025\/07\/Convocatoria-GID-2025-2026.pdf.pdf\" data-type=\"URL\" data-id=\"http:\/\/virtuva.uva.es\/site\/wp-content\/uploads\/2025\/07\/Convocatoria-GID-2025-2026.pdf.pdf\"  title=\"La informaci\u00f3n se abrir\u00e1 en una nueva ventana\"  title=\"La informaci\u00f3n se abrir\u00e1 en una nueva ventana (se abrir\u00e1 en una nueva ventana)\" target=\"_blank\">Convocatoria de Grupos de Innovaci\u00f3n Docente 2025\/2026<\/a><\/li>\n<\/ul>\n\n\n\n<p><strong>Inscripciones<\/strong><\/p>\n\n\n\n<ul class=\"wp-block-list\">\n<li><a href=\"https:\/\/extension.campusvirtual.uva.es\/course\/view.php?id=10517\" data-type=\"URL\" data-id=\"https:\/\/extension.campusvirtual.uva.es\/course\/view.php?id=10517\"  title=\"La informaci\u00f3n se abrir\u00e1 en una nueva ventana\"  title=\"La informaci\u00f3n se abrir\u00e1 en una nueva ventana (se abrir\u00e1 en una nueva ventana)\" target=\"_blank\">Inscripci\u00f3n GID 2025\/2026 (Enlace al Campus Virtual)<\/a><\/li>\n<\/ul>\n\n\n\n<p><strong>Resoluci\u00f3n<\/strong><\/p>\n\n\n\n<ul class=\"wp-block-list\">\n<li><a href=\"http:\/\/virtuva.uva.es\/site\/wp-content\/uploads\/2025\/12\/RESOLUCION-DEFINITIVA-DE-SOLICITUDES-GID-25-26.pdf\"  title=\"La informaci\u00f3n se abrir\u00e1 en una nueva ventana\"  title=\"La informaci\u00f3n se abrir\u00e1 en una nueva ventana (se abrir\u00e1 en una nueva ventana)\" target=\"_blank\">Resoluci\u00f3n definitiva de la Convocatoria de Grupos de Innovaci\u00f3n Docente UVa para el curso 2025\/2026<\/a>.<\/li>\n<\/ul>\n<\/div>\n<\/li><\/ul>\n\n<\/div>\n<\/div>\n\n\n\n<div class=\"wp-block-column is-layout-flow wp-block-column-is-layout-flow\" style=\"flex-basis:33.33%\">\n<div class=\"wp-block-buttons is-layout-flex wp-block-buttons-is-layout-flex\">\n<div class=\"wp-block-button has-custom-width wp-block-button__width-100 is-style-outline is-style-outline--1\"><a class=\"wp-block-button__link has-white-background-color has-text-color has-background wp-element-button\" href=\"http:\/\/virtuva.uva.es\/site\/wp-content\/uploads\/2025\/04\/ManualProcedimientosPID2025.pdf\" style=\"border-radius:4px;color:#a50034\">Manual de procedimientos<\/a><\/div>\n\n\n\n<div class=\"wp-block-button has-custom-width wp-block-button__width-100 is-style-outline is-style-outline--2\"><a class=\"wp-block-button__link has-white-background-color has-text-color has-background wp-element-button\" href=\"http:\/\/virtuva.uva.es\/site\/apartado\/prestamo-materiales\/\" style=\"border-radius:4px;color:#a50034\">Pr\u00e9stamo de materiales<\/a><\/div>\n\n\n\n<div class=\"wp-block-button has-custom-width wp-block-button__width-100 is-style-outline is-style-outline--3\"><a class=\"wp-block-button__link has-white-background-color has-text-color has-background wp-element-button\" href=\"https:\/\/virtuva.uva.es\/site\/memorias-de-proyectos-y-grupos-de-innovacion-docente\/\" style=\"border-radius:4px;color:#a50034\">Memorias de los Proyectos y Grupos de Innovaci\u00f3n Docente<\/a><\/div>\n<\/div>\n<\/div>\n<\/div>\n\n\n\n<h2 class=\"wp-block-heading\" style=\"font-size:24px\">Hist\u00f3rico de convocatorias de Grupos de Innovaci\u00f3n Docente<\/h2>\n\n\n\n<div class=\"wp-block-query is-layout-flow wp-block-query-is-layout-flow\"><ul class=\"wp-block-post-template is-layout-flow wp-block-post-template-is-layout-flow\"><li class=\"wp-block-post post-2374 post type-post status-publish format-standard hentry category-convocatorias category-convocatorias-gid\">\n<h3 style=\"font-size:16px;\" class=\"wp-block-post-title\"><a href=\"https:\/\/virtuva.uva.es\/site\/convocatoria-de-grupos-de-innovacion-docente-2024-2025\/\" target=\"_self\" >Convocatoria de Grupos de Innovaci\u00f3n Docente 2024\/2025<\/a><\/h3>\n<\/li><li class=\"wp-block-post post-1594 post type-post status-publish format-standard hentry category-convocatorias category-convocatorias-gid\">\n<h3 style=\"font-size:16px;\" class=\"wp-block-post-title\"><a href=\"https:\/\/virtuva.uva.es\/site\/convatoria-de-grupos-de-innovacion-docente-2023-2024\/\" target=\"_self\" >Convocatoria de Grupos de Innovaci\u00f3n Docente 2023\/2024<\/a><\/h3>\n<\/li><li class=\"wp-block-post post-509 post type-post status-publish format-standard hentry category-convocatorias category-convocatorias-gid\">\n<h3 style=\"font-size:16px;\" class=\"wp-block-post-title\"><a href=\"https:\/\/virtuva.uva.es\/site\/convocatoria-de-grupos-de-innovacion-docente-2022-2023\/\" target=\"_self\" >Convocatoria de Grupos de Innovaci\u00f3n Docente 2022\/2023<\/a><\/h3>\n<\/li><\/ul>\n\n<\/div>\n","protected":false},"excerpt":{"rendered":"<p>Tambi\u00e9n, como apuesta por la innovaci\u00f3n docente, la Universidad de Valladolid lanza una convocatoria para la constituci\u00f3n de Grupos de Innovaci\u00f3n Docente(GID), con la finalidad de fomentar y apoyar los equipos de trabajo ya consolidados en convocatorias previas de Proyectos de Innovaci\u00f3n Docente (PID) de la UVa. Un GID se concibe como&nbsp;un equipo de trabajo [&hellip;]<\/p>\n","protected":false},"author":1,"featured_media":0,"parent":927,"menu_order":0,"comment_status":"closed","ping_status":"closed","template":"fullwidth.php","meta":{"videodestacado":"","videodestacado_sr":"","footnotes":""},"categories":[],"tags":[],"class_list":["post-938","page","type-page","status-publish","hentry"],"_links":{"self":[{"href":"https:\/\/virtuva.uva.es\/site\/wp-json\/wp\/v2\/pages\/938","targetHints":{"allow":["GET"]}}],"collection":[{"href":"https:\/\/virtuva.uva.es\/site\/wp-json\/wp\/v2\/pages"}],"about":[{"href":"https:\/\/virtuva.uva.es\/site\/wp-json\/wp\/v2\/types\/page"}],"author":[{"embeddable":true,"href":"https:\/\/virtuva.uva.es\/site\/wp-json\/wp\/v2\/users\/1"}],"replies":[{"embeddable":true,"href":"https:\/\/virtuva.uva.es\/site\/wp-json\/wp\/v2\/comments?post=938"}],"version-history":[{"count":13,"href":"https:\/\/virtuva.uva.es\/site\/wp-json\/wp\/v2\/pages\/938\/revisions"}],"predecessor-version":[{"id":2723,"href":"https:\/\/virtuva.uva.es\/site\/wp-json\/wp\/v2\/pages\/938\/revisions\/2723"}],"up":[{"embeddable":true,"href":"https:\/\/virtuva.uva.es\/site\/wp-json\/wp\/v2\/pages\/927"}],"wp:attachment":[{"href":"https:\/\/virtuva.uva.es\/site\/wp-json\/wp\/v2\/media?parent=938"}],"wp:term":[{"taxonomy":"category","embeddable":true,"href":"https:\/\/virtuva.uva.es\/site\/wp-json\/wp\/v2\/categories?post=938"},{"taxonomy":"post_tag","embeddable":true,"href":"https:\/\/virtuva.uva.es\/site\/wp-json\/wp\/v2\/tags?post=938"}],"curies":[{"name":"wp","href":"https:\/\/api.w.org\/{rel}","templated":true}]}}