{"id":907,"date":"2023-02-09T12:02:03","date_gmt":"2023-02-09T12:02:03","guid":{"rendered":"http:\/\/virtuva.uva.es\/site\/?page_id=907"},"modified":"2025-03-12T13:45:36","modified_gmt":"2025-03-12T13:45:36","slug":"formacion-extension-universitaria","status":"publish","type":"page","link":"https:\/\/virtuva.uva.es\/site\/docencia-online\/formacion-extension-universitaria\/","title":{"rendered":"Espacios Virtuales en el Campus Virtual de Extensi\u00f3n Universitaria"},"content":{"rendered":"\n<div class=\"wp-block-columns is-layout-flex wp-container-core-columns-is-layout-9d6595d7 wp-block-columns-is-layout-flex\">\n<div class=\"wp-block-column is-layout-flow wp-block-column-is-layout-flow\" style=\"flex-basis:66.66%\">\n<p>El Centro VirtUVa proporciona a la comunidad universitaria de la Universidad de Valladolid un <strong>servicio de creaci\u00f3n de espacios virtuales*, bajo demanda, en el Campus Virtual de Extensi\u00f3n Universitaria<\/strong>. <\/p>\n\n\n\n<p>Si formas parte de la Universidad de Valladolid y necesitas disponer de un espacio virtual como herramienta de apoyo para impartir formaci\u00f3n, celebrar unas jornadas o que sirva de espacio colaborativo para grupos de trabajo, puedes realizar una solicitud de creaci\u00f3n de un curso en el Campus Virtual de Extensi\u00f3n Universitaria rellenado el formulario a continuaci\u00f3n.<\/p>\n\n\n\n<div class=\"wp-block-buttons is-layout-flex wp-block-buttons-is-layout-flex\">\n<div class=\"wp-block-button is-style-outline is-style-outline--1\"><a class=\"wp-block-button__link has-white-background-color has-text-color has-background wp-element-button\" href=\"https:\/\/forms.office.com\/e\/8zGLP4ywmJ\" style=\"border-radius:4px;color:#a50034\"  title=\"La informaci\u00f3n se abrir\u00e1 en una nueva ventana\" target=\"_blank\">Formulario de solicitud de un espacio virtual en el Campus Virtual de Extensi\u00f3n Universitaria<\/a><\/div>\n<\/div>\n\n\n\n<p><\/p>\n\n\n\n<p>* Consulta las <a href=\"https:\/\/virtuva.uva.es\/site\/condiciones-espacios-virtuales-extension\/\" data-type=\"post\" data-id=\"1178\"><strong>Condiciones generales de uso del servicio de Espacios Virtuales en el campus Virtual de Extensi\u00f3n Universitaria<\/strong><\/a>. <\/p>\n<\/div>\n\n\n\n<div class=\"wp-block-column is-layout-flow wp-block-column-is-layout-flow\" style=\"flex-basis:33.33%\">\n<figure class=\"wp-block-image size-large\"><img loading=\"lazy\" decoding=\"async\" width=\"1024\" height=\"548\" src=\"http:\/\/virtuva.uva.es\/site\/wp-content\/uploads\/2023\/02\/extension-1024x548.jpg\" alt=\"Cursos a demanda en el Campus Virtual de Extensi\u00f3n Universitaria\" class=\"wp-image-912\" srcset=\"https:\/\/virtuva.uva.es\/site\/wp-content\/uploads\/2023\/02\/extension-1024x548.jpg 1024w, https:\/\/virtuva.uva.es\/site\/wp-content\/uploads\/2023\/02\/extension-300x161.jpg 300w, https:\/\/virtuva.uva.es\/site\/wp-content\/uploads\/2023\/02\/extension-768x411.jpg 768w, https:\/\/virtuva.uva.es\/site\/wp-content\/uploads\/2023\/02\/extension.jpg 1200w\" sizes=\"auto, (max-width: 1024px) 100vw, 1024px\" \/><\/figure>\n<\/div>\n<\/div>\n","protected":false},"excerpt":{"rendered":"<p>El Centro VirtUVa proporciona a la comunidad universitaria de la Universidad de Valladolid un servicio de creaci\u00f3n de espacios virtuales*, bajo demanda, en el Campus Virtual de Extensi\u00f3n Universitaria. Si formas parte de la Universidad de Valladolid y necesitas disponer de un espacio virtual como herramienta de apoyo para impartir formaci\u00f3n, celebrar unas jornadas o [&hellip;]<\/p>\n","protected":false},"author":1,"featured_media":912,"parent":182,"menu_order":0,"comment_status":"closed","ping_status":"closed","template":"fullwidth.php","meta":{"videodestacado":"","videodestacado_sr":"","footnotes":""},"categories":[],"tags":[],"class_list":["post-907","page","type-page","status-publish","has-post-thumbnail","hentry"],"_links":{"self":[{"href":"https:\/\/virtuva.uva.es\/site\/wp-json\/wp\/v2\/pages\/907","targetHints":{"allow":["GET"]}}],"collection":[{"href":"https:\/\/virtuva.uva.es\/site\/wp-json\/wp\/v2\/pages"}],"about":[{"href":"https:\/\/virtuva.uva.es\/site\/wp-json\/wp\/v2\/types\/page"}],"author":[{"embeddable":true,"href":"https:\/\/virtuva.uva.es\/site\/wp-json\/wp\/v2\/users\/1"}],"replies":[{"embeddable":true,"href":"https:\/\/virtuva.uva.es\/site\/wp-json\/wp\/v2\/comments?post=907"}],"version-history":[{"count":19,"href":"https:\/\/virtuva.uva.es\/site\/wp-json\/wp\/v2\/pages\/907\/revisions"}],"predecessor-version":[{"id":2567,"href":"https:\/\/virtuva.uva.es\/site\/wp-json\/wp\/v2\/pages\/907\/revisions\/2567"}],"up":[{"embeddable":true,"href":"https:\/\/virtuva.uva.es\/site\/wp-json\/wp\/v2\/pages\/182"}],"wp:featuredmedia":[{"embeddable":true,"href":"https:\/\/virtuva.uva.es\/site\/wp-json\/wp\/v2\/media\/912"}],"wp:attachment":[{"href":"https:\/\/virtuva.uva.es\/site\/wp-json\/wp\/v2\/media?parent=907"}],"wp:term":[{"taxonomy":"category","embeddable":true,"href":"https:\/\/virtuva.uva.es\/site\/wp-json\/wp\/v2\/categories?post=907"},{"taxonomy":"post_tag","embeddable":true,"href":"https:\/\/virtuva.uva.es\/site\/wp-json\/wp\/v2\/tags?post=907"}],"curies":[{"name":"wp","href":"https:\/\/api.w.org\/{rel}","templated":true}]}}