{"id":610,"date":"2022-10-20T14:19:47","date_gmt":"2022-10-20T14:19:47","guid":{"rendered":"http:\/\/virtuva.uva.es\/site\/?page_id=610"},"modified":"2025-10-28T13:57:55","modified_gmt":"2025-10-28T13:57:55","slug":"liduva","status":"publish","type":"page","link":"https:\/\/virtuva.uva.es\/site\/liduva\/","title":{"rendered":"Laboratorio de Innovaci\u00f3n Docente de la Universidad de Valladolid"},"content":{"rendered":"\n<div style=\"height:25px\" aria-hidden=\"true\" class=\"wp-block-spacer\"><\/div>\n\n\n\n<div class=\"wp-block-columns is-layout-flex wp-container-core-columns-is-layout-9d6595d7 wp-block-columns-is-layout-flex\">\n<div class=\"wp-block-column is-layout-flow wp-block-column-is-layout-flow\" style=\"flex-basis:60%\">\n<figure class=\"wp-block-image size-full is-style-default\"><img loading=\"lazy\" decoding=\"async\" width=\"800\" height=\"364\" src=\"https:\/\/virtuva.uva.es\/site\/wp-content\/uploads\/2022\/11\/logoLidUVa_800.png\" alt=\"\" class=\"wp-image-665\" srcset=\"https:\/\/virtuva.uva.es\/site\/wp-content\/uploads\/2022\/11\/logoLidUVa_800.png 800w, https:\/\/virtuva.uva.es\/site\/wp-content\/uploads\/2022\/11\/logoLidUVa_800-300x137.png 300w, https:\/\/virtuva.uva.es\/site\/wp-content\/uploads\/2022\/11\/logoLidUVa_800-768x349.png 768w\" sizes=\"auto, (max-width: 800px) 100vw, 800px\" \/><\/figure>\n<\/div>\n\n\n\n<div class=\"wp-block-column is-vertically-aligned-center is-layout-flow wp-block-column-is-layout-flow\" style=\"flex-basis:40%\">\n<div class=\"wp-block-buttons is-vertical is-content-justification-center is-layout-flex wp-container-core-buttons-is-layout-e07e99ef wp-block-buttons-is-layout-flex\">\n<div class=\"wp-block-button has-custom-width wp-block-button__width-100\"><a class=\"wp-block-button__link has-white-color has-text-color has-background has-medium-font-size has-custom-font-size wp-element-button\" href=\"http:\/\/virtuva.uva.es\/site\/wp-content\/uploads\/2025\/10\/LIDUVA_2025_20226_1.pdf\" style=\"border-radius:9px;background-color:#da640f\" target=\"_blank\" rel=\"noreferrer noopener\">Eventos LIDUVa <i class=\"fas fa-calendar-week\"><\/i><\/a><\/div>\n\n\n\n<div class=\"wp-block-button has-custom-width wp-block-button__width-100\"><a class=\"wp-block-button__link has-white-color has-text-color has-background has-medium-font-size has-custom-font-size wp-element-button\" href=\"https:\/\/www.youtube.com\/watch?v=KB0MC5Gf6HE&amp;list=PLSbo9kXA_LcxAFZVaw0l6RRkg-XP3ZF0b\" style=\"border-radius:9px;background-color:#1c7398\" target=\"_blank\" rel=\"noreferrer noopener\">Charlas LIDUVa <i class=\"fas fa-video\"><\/i><\/a><\/div>\n\n\n\n<div class=\"wp-block-button has-custom-width wp-block-button__width-100\"><a class=\"wp-block-button__link has-white-color has-text-color has-background has-medium-font-size has-custom-font-size wp-element-button\" href=\"https:\/\/forms.office.com\/r\/zFJKRZdbdL\" style=\"border-radius:9px;background-color:#337f67\" target=\"_blank\" rel=\"noreferrer noopener\">\u00a1Quiero participar en LIDUVa! <i class=\"fas fa-check-circle\"><\/i><\/a><\/div>\n\n\n\n<div class=\"wp-block-button has-custom-width wp-block-button__width-100\"><a class=\"wp-block-button__link has-white-color has-text-color has-background has-medium-font-size has-custom-font-size wp-element-button\" href=\"https:\/\/extension.campusvirtual.uva.es\/course\/view.php?id=9377\" style=\"border-radius:9px;background-color:#7e3e7d\" target=\"_blank\" rel=\"noreferrer noopener\">Espacio Virtual LIDUVa <i class=\"fas fa-users\"><\/i><\/a><\/div>\n\n\n\n<div class=\"wp-block-button has-custom-width wp-block-button__width-100\"><a class=\"wp-block-button__link has-white-color has-text-color has-background has-medium-font-size has-custom-font-size wp-element-button\" href=\"http:\/\/virtuva.uva.es\/site\/apartado\/prestamo-materiales\/\" style=\"border-radius:9px;background-color:#b70e44\">Pr\u00e9stamo de materiales <i class=\"far fa-phone-laptop\"><\/i><\/a><\/div>\n<\/div>\n<\/div>\n<\/div>\n\n\n\n<h2 class=\"wp-block-heading has-text-align-center is-style-plain\"><em>Innova, comparte, transforma<\/em><\/h2>\n\n\n\n<div style=\"height:25px\" aria-hidden=\"true\" class=\"wp-block-spacer\"><\/div>\n\n\n\n<p>La sociedad del s. XXI afronta numerosos retos que requieren una transformaci\u00f3n urgente de los procesos formativos en el marco de la educaci\u00f3n superior. En este contexto, y con el objetivo de crecer como instituci\u00f3n p\u00fablica de calidad, nace en nuestra universidad el <strong>Laboratorio de Innovaci\u00f3n Docente LIDUVa.<\/strong>&nbsp;<\/p>\n\n\n\n<p>LIDUVa es un proyecto piloto de innovaci\u00f3n docente impulsado por el Vicerrectorado de Innovaci\u00f3n Docente y Transformaci\u00f3n Digital por medio del Centro VirtUVa.&nbsp; Este proyecto institucional, apoyado en el lema \u201cInnova, comparte, transforma\u201d, surge de la necesidad de visibilizar y poner en com\u00fan las buenas pr\u00e1cticas, materiales y experiencias docentes que se est\u00e1n llevando a cabo en nuestra universidad en las diferentes \u00e1reas de conocimiento.&nbsp;&nbsp;&nbsp;<\/p>\n\n\n\n<p>LIDUVa nace del compromiso por la calidad en la docencia universitaria de la Universidad de Valladolid y toma como punto de partida la reflexi\u00f3n conjunta, la interacci\u00f3n y la cooperaci\u00f3n de la comunidad universitaria.&nbsp;<\/p>\n\n\n\n<div style=\"height:51px\" aria-hidden=\"true\" class=\"wp-block-spacer\"><\/div>\n\n\n    <div id=\"accordion3266\" class=\"mb-2\">\n        <div class=\"card\">\n            <div class=\"card-header bg-light\" id=\"heading3266\">\n                <p class=\"mb-0\">\n                    <button class=\"wp-acordeon-btn btn dropdown-toggle text-justify text-wrap \" data-toggle=\"collapse\" data-target=\"#collapse3266\" aria-expanded=\"true\" aria-controls=\"collapse3266\">\n                        OBJETIVOS                    <\/button>\n                <\/p>\n            <\/div>\n            <div id=\"collapse3266\" class=\"collapse hide\" aria-labelledby=\"heading3266\" data-parent=\"#accordion3266\">\n                <div class=\"card-body\">\n                    <\/p>\n\n\n\n<p><strong>Objetivo general<\/strong>&nbsp;<\/p>\n\n\n\n<p>Estimular el intercambio de experiencias docentes innovadoras y la <strong>colaboraci\u00f3n y cooperaci\u00f3n <\/strong>entre el profesorado para maximizar el impacto de estas en el aprendizaje de los estudiantes, creando un espacio motivador y propicio para el encuentro, la diversidad y la creatividad.&nbsp;&nbsp;<\/p>\n\n\n\n<p><strong>Objetivos espec\u00edficos<\/strong>&nbsp;<\/p>\n\n\n\n<ul class=\"wp-block-list\">\n<li><strong>Organizar encuentros<\/strong> presenciales y <em>online <\/em>peri\u00f3dicos<em> <\/em>entre la comunidad universitaria vinculada al laboratorio para el intercambio de experiencias docentes innovadoras.<strong>&nbsp;<\/strong>&nbsp;<\/li>\n<\/ul>\n\n\n\n<ul class=\"wp-block-list\">\n<li><strong>Dise\u00f1ar, compartir y reutilizar <\/strong>materiales, herramientas, etc. que faciliten la implementaci\u00f3n sostenible de experiencias docentes innovadoras.&nbsp;<\/li>\n\n\n\n<li>Explorar <strong>nuevas v\u00edas y formas de colaboraci\u00f3n<\/strong> para la innovaci\u00f3n docente creando espacios y mecanismos de trabajo conjunto.<strong>&nbsp;<\/strong>&nbsp;<\/li>\n\n\n\n<li><strong>Transformar <\/strong>las metodolog\u00edas docentes en enfoques m\u00e1s proactivos, inclusivos, diversos y adaptados a los retos de la sociedad actual.&nbsp;<\/li>\n\n\n\n<li><strong>Compartir informaci\u00f3n \u00fatil<\/strong> en materia de innovaci\u00f3n docente (ej. convocatorias, cursos, congresos, jornadas, etc.).<strong>&nbsp;<\/strong>&nbsp;<\/li>\n\n\n\n<li><strong>Detectar, difundir y potenciar buenas pr\u00e1cticas<\/strong> docentes innovadoras.&nbsp;<\/li>\n<\/ul>\n\n\n\n<ul class=\"wp-block-list\">\n<li><strong>Impulsar la publicaci\u00f3n <\/strong>de experiencias y buenas pr\u00e1cticas de innovaci\u00f3n docente en revistas y editoriales de calidad.&nbsp;<\/li>\n<\/ul>\n\n\n<p>                <\/div>\n            <\/div>\n        <\/div>\n    <\/div>\n\n\n\n    <div id=\"accordion7986\" class=\"mb-2\">\n        <div class=\"card\">\n            <div class=\"card-header bg-light\" id=\"heading7986\">\n                <p class=\"mb-0\">\n                    <button class=\"wp-acordeon-btn btn dropdown-toggle text-justify text-wrap \" data-toggle=\"collapse\" data-target=\"#collapse7986\" aria-expanded=\"true\" aria-controls=\"collapse7986\">\n                        NORMAS DE FUNCIONAMIENTO                    <\/button>\n                <\/p>\n            <\/div>\n            <div id=\"collapse7986\" class=\"collapse hide\" aria-labelledby=\"heading7986\" data-parent=\"#accordion7986\">\n                <div class=\"card-body\">\n                    <\/p>\n<ol class=\"wp-block-list\">\n<li>El funcionamiento de LIDUVa se estructurar\u00e1 de la siguiente manera:&nbsp;<\/li>\n<\/ol>\n<ul class=\"wp-block-list\">\n<li>Habr\u00e1 <strong>cuatro reuniones formales en cada curso acad\u00e9mico<\/strong> (dos en cada semestre) y cada una de ellas estar\u00e1 organizada por uno de los campus de la UVa de forma que est\u00e9n igualmente representados en LIDUVa. Estas sesiones se realizar\u00e1n en formato h\u00edbrido (presencial y online s\u00edncrono a trav\u00e9s de las sesiones habilitadas para ello en el Campus Virtual mediante la herramienta Blackboard Collaborate).&nbsp;<\/li>\n<\/ul>\n<ul class=\"wp-block-list\">\n<li>Adem\u00e1s, en cada campus, se establecer\u00e1n <strong>reuniones flexibles e informales<\/strong> en formato semanal, quincenal o mensual donde se estimule la interacci\u00f3n, la colaboraci\u00f3n y el intercambio de experiencias y materiales. Estas sesiones se realizar\u00e1n en formato h\u00edbrido (presencial y online s\u00edncrono a trav\u00e9s de las sesiones habilitadas para ello en el Campus Virtual mediante la herramienta Blackboard Collaborate).&nbsp;<\/li>\n<\/ul>\n<ol start=\"2\" class=\"wp-block-list\">\n<li>LIDUVa dispondr\u00e1 de un <strong>inventario de materiales<\/strong> (digitales y anal\u00f3gicos) en las cuatro sedes de los diferentes campus de la Universidad de Valladolid. Este inventario estar\u00e1 disponible en curso LIDUVa del Campus Virtual de Extensi\u00f3n Universitaria. Estos materiales se podr\u00e1n reservar en servicio de pr\u00e9stamo y podr\u00e1n provenir de diferentes fuentes: compras de PID o GID, compras a cargo de VirtUVa, donaciones del profesorado, etc.&nbsp;&nbsp;<\/li>\n<\/ol>\n<ol start=\"3\" class=\"wp-block-list\">\n<li>LIDUVa contar\u00e1 con un <strong>curso en el Campus Virtual de Extensi\u00f3n Universitaria<\/strong> como lugar en el que alojar avisos con informaci\u00f3n \u00fatil en temas de innovaci\u00f3n, compartir materiales, proponer temas de debate y adquisici\u00f3n de materiales, alojar las reuniones en formato <em>online<\/em>, compartir experiencias realizadas, etc.&nbsp;<\/li>\n<\/ol>\n<ol start=\"4\" class=\"wp-block-list\">\n<li>Se fomentar\u00e1 el <strong>intercambio de materiales<\/strong> entre los campus, a trav\u00e9s de los mecanismos UVa, en aquellos casos en los que sea necesario.&nbsp;<\/li>\n<\/ol>\n<ol start=\"5\" class=\"wp-block-list\">\n<li>La participaci\u00f3n en las sesiones, formales e informales, en LIDUVa estar\u00e1n abiertas a todo el profesorado de la UVa y otros miembros de la comunidad universitaria. Para ello, el\/la interesado\/a completar\u00e1 <strong>el formulario de solicitud<\/strong> habilitado para ello en la web de LIDUVa.&nbsp;<\/li>\n<\/ol>\n<ol start=\"6\" class=\"wp-block-list\">\n<li>Se permitir\u00e1 la participaci\u00f3n en las sesiones, formales e informales, de profesorado externo a la UVa. Esta participaci\u00f3n se realizar\u00e1 en calidad de <strong>experto\/a<\/strong> por un miembro del PDI UVa que completar\u00e1 el formulario de solicitud habilitado para ello en la web de LIDUVa.&nbsp;<\/li>\n<\/ol>\n<ol start=\"7\" class=\"wp-block-list\">\n<li>La participaci\u00f3n, como ponente, en las sesiones de LIDUVa conllevar\u00e1 la obtenci\u00f3n de un <strong>certificado con el t\u00edtulo<\/strong> de la experiencia presentada y expedido por el Centro VirtUVa.&nbsp;<\/li>\n<\/ol>\n<ol start=\"8\" class=\"wp-block-list\">\n<li>Las experiencias presentadas en el laboratorio mejor valoradas ser\u00e1n publicadas en un <strong>monogr\u00e1fico espec\u00edfico sobre innovaci\u00f3n docente<\/strong>. La valoraci\u00f3n y votaci\u00f3n de estas experiencias se realizar\u00e1 por parte de las personas asistentes al laboratorio y la Comisi\u00f3n de LIDUVa.&nbsp;<\/li>\n<\/ol>\n<ol start=\"9\" class=\"wp-block-list\">\n<li>Todas aquellas experiencias de innovaci\u00f3n presentadas en LIDUVa se podr\u00e1n difundir a trav\u00e9s de las <strong><em>LIDUVa talks<\/em><\/strong><em>,<\/em> que son c\u00e1psulas audiovisuales informales en las que se expondr\u00e1 la innovaci\u00f3n que se ha llevado a cabo con una duraci\u00f3n m\u00e1xima de 3 minutos.&nbsp;<\/li>\n<\/ol>\n<p>\n                <\/div>\n            <\/div>\n        <\/div>\n    <\/div>\n\n\n\n    <div id=\"accordion4783\" class=\"mb-2\">\n        <div class=\"card\">\n            <div class=\"card-header bg-light\" id=\"heading4783\">\n                <p class=\"mb-0\">\n                    <button class=\"wp-acordeon-btn btn dropdown-toggle text-justify text-wrap \" data-toggle=\"collapse\" data-target=\"#collapse4783\" aria-expanded=\"true\" aria-controls=\"collapse4783\">\n                        L\u00cdNEAS ESTRAT\u00c9GICAS                    <\/button>\n                <\/p>\n            <\/div>\n            <div id=\"collapse4783\" class=\"collapse hide\" aria-labelledby=\"heading4783\" data-parent=\"#accordion4783\">\n                <div class=\"card-body\">\n                    <\/p>\n<p>Se establecen las siguientes l\u00edneas estrat\u00e9gicas consideradas como prioritarias:&nbsp;<\/p>\n<ul class=\"wp-block-list\">\n<li>Virtualizaci\u00f3n y Nuevas Tecnolog\u00edas en la Educaci\u00f3n.&nbsp;<\/li>\n<li>Docencia y evaluaci\u00f3n online.&nbsp;<\/li>\n<li>Internacionalizaci\u00f3n.&nbsp;<\/li>\n<\/ul>\n<ul class=\"wp-block-list\">\n<li>Creaci\u00f3n de equipos de trabajo, redes colaborativas, comunidades de aprendizaje, incluyendo la formaci\u00f3n permanente de los miembros del equipo.&nbsp;<\/li>\n<li>Responsabilidad Social en el \u00e1mbito educativo: Aprendizaje-Servicio, etc.&nbsp;<\/li>\n<li>Elaboraci\u00f3n de p\u00edldoras de conocimiento u otros objetos de aprendizaje.&nbsp;<\/li>\n<li>Nuevas tendencias educativas: gamificaci\u00f3n, flipped classroom, BYOD (\u201cBring Your Own Device\u201d), etc.&nbsp;<\/li>\n<li>Power skills: habilidades sociocomunicativas, trabajo en equipo, pensamiento cr\u00edtico, inteligencia emocional, creatividad, etc.&nbsp;<\/li>\n<\/ul>\n<p>\n                <\/div>\n            <\/div>\n        <\/div>\n    <\/div>\n\n\n\n    <div id=\"accordion4953\" class=\"mb-2\">\n        <div class=\"card\">\n            <div class=\"card-header bg-light\" id=\"heading4953\">\n                <p class=\"mb-0\">\n                    <button class=\"wp-acordeon-btn btn dropdown-toggle text-justify text-wrap \" data-toggle=\"collapse\" data-target=\"#collapse4953\" aria-expanded=\"true\" aria-controls=\"collapse4953\">\n                        INTERACCI\u00d3N DE LIDUVa CON OTROS PROYECTOS INSTITUCIONALES                    <\/button>\n                <\/p>\n            <\/div>\n            <div id=\"collapse4953\" class=\"collapse hide\" aria-labelledby=\"heading4953\" data-parent=\"#accordion4953\">\n                <div class=\"card-body\">\n                    <\/p>\n<p>LIDUVa proporcionar\u00e1 una estructura que favorezca la interacci\u00f3n entre todos los proyectos e iniciativas institucionales del Vicerrectorado de Innovaci\u00f3n Docente y Transformaci\u00f3n Digital y el Centro VirtUVa, de la siguiente manera:&nbsp;<\/p>\n<ul class=\"wp-block-list\">\n<li>Estimular\u00e1 la participaci\u00f3n de los coordinadores\/as de los PID y GID reconocidos por la UVa para favorecer la visibilizaci\u00f3n del trabajo que se est\u00e1 realizando al amparo de los PID y GID.&nbsp;<\/li>\n<li>Estimular\u00e1 la participaci\u00f3n de los coordinadores\/as de proyectos como el Planeta Teams y el Planeta Interacci\u00f3n para impulsar la participaci\u00f3n en estos planetas y la presentaci\u00f3n de ideas generadas en los mismos.&nbsp;&nbsp;<\/li>\n<\/ul>\n<ul class=\"wp-block-list\">\n<li>Facilitar\u00e1 el intercambio de conocimiento, experiencias y colaboraciones con toda la comunidad universitaria.&nbsp;<\/li>\n<li>Facilitar\u00e1 el intercambio de experiencias innovadoras con otras universidades como v\u00eda para la cooperaci\u00f3n interuniversitaria y la construcci\u00f3n de ideas de forma conjunta.&nbsp;<\/li>\n<li>Facilitar\u00e1 el intercambio y transferencia de experiencias innovadoras con otras \u00e1reas de conocimiento y etapas educativas.<\/li>\n<li>Visibilizar\u00e1 las 10 mejores experiencias de innovaci\u00f3n docente elegidas en el marco de los PID.&nbsp;<\/li>\n<li>Visibilizar\u00e1 las experiencias premiadas en la Convocatoria de Premios de Innovaci\u00f3n Educativa otorgados por el Consejo Social de la UVa.&nbsp;<\/li>\n<\/ul>\n<p>\n                <\/div>\n            <\/div>\n        <\/div>\n    <\/div>\n\n\n\n    <div id=\"accordion8882\" class=\"mb-2\">\n        <div class=\"card\">\n            <div class=\"card-header bg-light\" id=\"heading8882\">\n                <p class=\"mb-0\">\n                    <button class=\"wp-acordeon-btn btn dropdown-toggle text-justify text-wrap \" data-toggle=\"collapse\" data-target=\"#collapse8882\" aria-expanded=\"true\" aria-controls=\"collapse8882\">\n                        ORGANIGRAMA LIDUVa                    <\/button>\n                <\/p>\n            <\/div>\n            <div id=\"collapse8882\" class=\"collapse hide\" aria-labelledby=\"heading8882\" data-parent=\"#accordion8882\">\n                <div class=\"card-body\">\n                    <\/p>\n<div class=\"wp-block-image\">\n<figure class=\"aligncenter size-large\"><a href=\"http:\/\/virtuva.uva.es\/site\/wp-content\/uploads\/2023\/04\/organigrama_LIDUVa.jpg\" target=\"_blank\" rel=\"noreferrer noopener\"><img decoding=\"async\" loading=\"lazy\" width=\"1024\" height=\"576\" src=\"http:\/\/virtuva.uva.es\/site\/wp-content\/uploads\/2023\/04\/organigrama_LIDUVa-1024x576.jpg\" alt=\"Organigrama LIDUVa\" class=\"wp-image-1330\" srcset=\"https:\/\/virtuva.uva.es\/site\/wp-content\/uploads\/2023\/04\/organigrama_LIDUVa-1024x576.jpg 1024w, https:\/\/virtuva.uva.es\/site\/wp-content\/uploads\/2023\/04\/organigrama_LIDUVa-300x169.jpg 300w, https:\/\/virtuva.uva.es\/site\/wp-content\/uploads\/2023\/04\/organigrama_LIDUVa-768x432.jpg 768w, https:\/\/virtuva.uva.es\/site\/wp-content\/uploads\/2023\/04\/organigrama_LIDUVa-1536x864.jpg 1536w, https:\/\/virtuva.uva.es\/site\/wp-content\/uploads\/2023\/04\/organigrama_LIDUVa.jpg 1920w\" sizes=\"auto, (max-width: 1024px) 100vw, 1024px\" \/><\/a><\/figure>\n<\/div>\n<p><span class=\"sr-only\">Es responsable del Laboratorio de Innovaci\u00f3n Docente de la Universidad de Valladolid la Vicerrectora de Innovaci\u00f3n Docente y Transformaci\u00f3n Digital. En colaboraci\u00f3n directa se encuentran el personal t\u00e9cnico del Centro VirtUVa, los Responsables de los Planetas (coordinadores de los planetas Teams e Interacci\u00f3n) y los responsables de los Campus: en Valladolid la directora del Centro VirtUVa, y en Soria, Segovia y Palencia los representante de cada Campus de la Comisi\u00f3n Permanente de Evaluaci\u00f3n y Seguimiento del Consejo VirtUVa<\/span><\/p>\n<p>\n                <\/div>\n            <\/div>\n        <\/div>\n    <\/div>\n\n","protected":false},"excerpt":{"rendered":"<p>Innova, comparte, transforma La sociedad del s. XXI afronta numerosos retos que requieren una transformaci\u00f3n urgente de los procesos formativos en el marco de la educaci\u00f3n superior. En este contexto, y con el objetivo de crecer como instituci\u00f3n p\u00fablica de calidad, nace en nuestra universidad el Laboratorio de Innovaci\u00f3n Docente LIDUVa.&nbsp; LIDUVa es un proyecto [&hellip;]<\/p>\n","protected":false},"author":1,"featured_media":597,"parent":0,"menu_order":0,"comment_status":"closed","ping_status":"closed","template":"fullwidth.php","meta":{"videodestacado":"","videodestacado_sr":"","footnotes":""},"categories":[],"tags":[],"class_list":["post-610","page","type-page","status-publish","has-post-thumbnail","hentry"],"_links":{"self":[{"href":"https:\/\/virtuva.uva.es\/site\/wp-json\/wp\/v2\/pages\/610","targetHints":{"allow":["GET"]}}],"collection":[{"href":"https:\/\/virtuva.uva.es\/site\/wp-json\/wp\/v2\/pages"}],"about":[{"href":"https:\/\/virtuva.uva.es\/site\/wp-json\/wp\/v2\/types\/page"}],"author":[{"embeddable":true,"href":"https:\/\/virtuva.uva.es\/site\/wp-json\/wp\/v2\/users\/1"}],"replies":[{"embeddable":true,"href":"https:\/\/virtuva.uva.es\/site\/wp-json\/wp\/v2\/comments?post=610"}],"version-history":[{"count":64,"href":"https:\/\/virtuva.uva.es\/site\/wp-json\/wp\/v2\/pages\/610\/revisions"}],"predecessor-version":[{"id":3224,"href":"https:\/\/virtuva.uva.es\/site\/wp-json\/wp\/v2\/pages\/610\/revisions\/3224"}],"wp:featuredmedia":[{"embeddable":true,"href":"https:\/\/virtuva.uva.es\/site\/wp-json\/wp\/v2\/media\/597"}],"wp:attachment":[{"href":"https:\/\/virtuva.uva.es\/site\/wp-json\/wp\/v2\/media?parent=610"}],"wp:term":[{"taxonomy":"category","embeddable":true,"href":"https:\/\/virtuva.uva.es\/site\/wp-json\/wp\/v2\/categories?post=610"},{"taxonomy":"post_tag","embeddable":true,"href":"https:\/\/virtuva.uva.es\/site\/wp-json\/wp\/v2\/tags?post=610"}],"curies":[{"name":"wp","href":"https:\/\/api.w.org\/{rel}","templated":true}]}}