{"id":3502,"date":"2026-01-29T14:04:08","date_gmt":"2026-01-29T14:04:08","guid":{"rendered":"https:\/\/virtuva.uva.es\/site\/?page_id=3502"},"modified":"2026-02-05T10:29:40","modified_gmt":"2026-02-05T10:29:40","slug":"planeta-uvateams","status":"publish","type":"page","link":"https:\/\/virtuva.uva.es\/site\/planeta-uvateams\/","title":{"rendered":"Planeta UVaTeams"},"content":{"rendered":"\n<div class=\"wp-block-media-text has-media-on-the-right is-stacked-on-mobile\" style=\"grid-template-columns:auto 29%\"><div class=\"wp-block-media-text__content\">\n<p><strong>LEMA DEL GID <\/strong>Planeta UVaTeams: aprendemos colaborando<br><strong>ACR\u00d3NIMO<\/strong> UVaTeams<br><strong>COORDINADOR <\/strong><a href=\"https:\/\/portaldelaciencia.uva.es\/investigadores\/180700\/detalle\"  title=\"La informaci\u00f3n se abrir\u00e1 en una nueva ventana\" target=\"_blank\">Ignacio de Miguel Jim\u00e9nez.<\/a><\/p>\n<\/div><figure class=\"wp-block-media-text__media\"><img loading=\"lazy\" decoding=\"async\" width=\"376\" height=\"343\" src=\"http:\/\/virtuva.uva.es\/site\/wp-content\/uploads\/2026\/02\/PLANETA-Teams_001.png\" alt=\"\" class=\"wp-image-3725 size-full\" srcset=\"https:\/\/virtuva.uva.es\/site\/wp-content\/uploads\/2026\/02\/PLANETA-Teams_001.png 376w, https:\/\/virtuva.uva.es\/site\/wp-content\/uploads\/2026\/02\/PLANETA-Teams_001-300x274.png 300w\" sizes=\"auto, (max-width: 376px) 100vw, 376px\" \/><\/figure><\/div>\n\n\n\n<p><strong>Objetivo general<\/strong><\/p>\n\n\n\n<p>Estimular el desarrollo, intercambio, experimentaci\u00f3n y difusi\u00f3n de experiencias educativas transformadoras, integrando de manera creativa y fundamentada metodolog\u00edas activas, tecnolog\u00edas digitales, inteligencia artificial, colaboraci\u00f3n internacional y proyectos de impacto social. Los Planetas institucionales promover\u00e1n la cocreaci\u00f3n de conocimiento, la producci\u00f3n de materiales y objetos de aprendizaje compartidos, la reflexi\u00f3n conjunta y la transferencia de buenas pr\u00e1cticas, con el fin de mejorar la calidad de la docencia, fortalecer la actividad investigadora y avanzar hacia modelos educativos m\u00e1s colaborativos, abiertos, transdisciplinares e internacionalizados.<\/p>\n\n\n\n<p><strong>Objetivos espec\u00edficos<\/strong><\/p>\n\n\n\n<ul class=\"wp-block-list\">\n<li>Analizar, de forma colaborativa, las posibilidades de Microsoft Teams como herramienta de apoyo a la docencia en comparaci\u00f3n o como complemento a otras herramientas como Moodle (Campus Virtual).<\/li>\n\n\n\n<li>Analizar, de forma colaborativa, las posibilidades de Teams como herramienta de apoyo a la gesti\u00f3n e investigaci\u00f3n.<\/li>\n\n\n\n<li>Analizar, de forma colaborativa, las posibilidades de Teams como herramienta para el seguimiento de los TFG\/TFM.<\/li>\n\n\n\n<li>Analizar algunas de las aplicaciones que se pueden a\u00f1adir a Teams para mejorar sus funcionalidades en el \u00e1mbito de la docencia, de la investigaci\u00f3n y de la gesti\u00f3n (<em>tasks<\/em>, <em>forms, polls<\/em>, etc.).<\/li>\n\n\n\n<li>Compartir experiencias de uso de Teams en sesiones de LIDUVa.<\/li>\n\n\n\n<li>Dise\u00f1ar y elaborar objetos de aprendizaje (preferiblemente en formato audiovisual) sobre el uso y las posibilidades de Teams para publicar en abierto.<\/li>\n<\/ul>\n\n\n\n<p><strong>A qui\u00e9n va dirigido<\/strong><\/p>\n\n\n\n<p>A todo el personal docente e investigador de la UVa, as\u00ed como al Personal T\u00e9cnico de Gesti\u00f3n de Administraci\u00f3n y Servicios.<\/p>\n\n\n\n<div class=\"wp-block-query is-layout-flow wp-block-query-is-layout-flow\">\n\n\n<h2 class=\"wp-block-heading\">Solicitud de GID Planeta UVaTeams<\/h2>\n\n\n\n<p>Si est\u00e1s interesado o interesada en formar parte del Planeta UVaTeams, puedes enviar correo a: <strong>virtuva@uva.es<\/strong>.<\/p>\n<\/div>\n\n\n\n<div class=\"wp-block-query is-layout-flow wp-block-query-is-layout-flow\"><\/div>\n\n\n\n<div style=\"height:43px\" aria-hidden=\"true\" class=\"wp-block-spacer\"><\/div>\n\n\n\n<h2 class=\"wp-block-heading\">Hist\u00f3rico de GID Planeta UVaTeams<\/h2>\n\n\n\n<div class=\"wp-block-query is-layout-flow wp-block-query-is-layout-flow\">\n\n<div class=\"wp-block-query-no-results\">\n\n<p><\/p>\n\n<\/div><\/div>\n\n\n\n<div class=\"wp-block-columns is-layout-flex wp-container-core-columns-is-layout-9d6595d7 wp-block-columns-is-layout-flex\">\n<div class=\"wp-block-column is-layout-flow wp-block-column-is-layout-flow\" style=\"flex-basis:80%\">\n<p><\/p>\n<\/div>\n\n\n\n<div class=\"wp-block-column is-layout-flow wp-block-column-is-layout-flow\" style=\"flex-basis:33.33%\"><\/div>\n<\/div>\n\n\n\n<p><p><\/p>\n<!-- \/wp:paragraph--><\/p>\n","protected":false},"excerpt":{"rendered":"<p>LEMA DEL GID Planeta UVaTeams: aprendemos colaborandoACR\u00d3NIMO UVaTeamsCOORDINADOR Ignacio de Miguel Jim\u00e9nez. Objetivo general Estimular el desarrollo, intercambio, experimentaci\u00f3n y difusi\u00f3n de experiencias educativas transformadoras, integrando de manera creativa y fundamentada metodolog\u00edas activas, tecnolog\u00edas digitales, inteligencia artificial, colaboraci\u00f3n internacional y proyectos de impacto social. Los Planetas institucionales promover\u00e1n la cocreaci\u00f3n de conocimiento, la producci\u00f3n de [&hellip;]<\/p>\n","protected":false},"author":6,"featured_media":0,"parent":0,"menu_order":0,"comment_status":"closed","ping_status":"closed","template":"fullwidth.php","meta":{"videodestacado":"","videodestacado_sr":"","footnotes":""},"categories":[],"tags":[],"class_list":["post-3502","page","type-page","status-publish","hentry"],"_links":{"self":[{"href":"https:\/\/virtuva.uva.es\/site\/wp-json\/wp\/v2\/pages\/3502","targetHints":{"allow":["GET"]}}],"collection":[{"href":"https:\/\/virtuva.uva.es\/site\/wp-json\/wp\/v2\/pages"}],"about":[{"href":"https:\/\/virtuva.uva.es\/site\/wp-json\/wp\/v2\/types\/page"}],"author":[{"embeddable":true,"href":"https:\/\/virtuva.uva.es\/site\/wp-json\/wp\/v2\/users\/6"}],"replies":[{"embeddable":true,"href":"https:\/\/virtuva.uva.es\/site\/wp-json\/wp\/v2\/comments?post=3502"}],"version-history":[{"count":19,"href":"https:\/\/virtuva.uva.es\/site\/wp-json\/wp\/v2\/pages\/3502\/revisions"}],"predecessor-version":[{"id":3739,"href":"https:\/\/virtuva.uva.es\/site\/wp-json\/wp\/v2\/pages\/3502\/revisions\/3739"}],"wp:attachment":[{"href":"https:\/\/virtuva.uva.es\/site\/wp-json\/wp\/v2\/media?parent=3502"}],"wp:term":[{"taxonomy":"category","embeddable":true,"href":"https:\/\/virtuva.uva.es\/site\/wp-json\/wp\/v2\/categories?post=3502"},{"taxonomy":"post_tag","embeddable":true,"href":"https:\/\/virtuva.uva.es\/site\/wp-json\/wp\/v2\/tags?post=3502"}],"curies":[{"name":"wp","href":"https:\/\/api.w.org\/{rel}","templated":true}]}}