{"id":35,"date":"2022-03-08T13:17:45","date_gmt":"2022-03-08T13:17:45","guid":{"rendered":"http:\/\/virtuva.uva.es\/site\/?page_id=35"},"modified":"2025-05-14T12:26:55","modified_gmt":"2025-05-14T12:26:55","slug":"centro-virtuva","status":"publish","type":"page","link":"https:\/\/virtuva.uva.es\/site\/","title":{"rendered":"Inicio y noticias"},"content":{"rendered":"\n<h1 class=\"wp-block-heading h2\">Webinarios VirtUVa<\/h1>\n\n\n    <input type=\"hidden\" name=\"filtro-elementos\" value=\"2\"\/>\n    <input type=\"hidden\" name=\"filtro-paginado\" value=\"false\"\/>\n    <input type=\"hidden\" name=\"filtro-prefiere\" value=\"imagen\"\/>\n\n                    \n        <div id=\"webinarios\" class=\"row \"><\/div>\n        <div id=\"loading\" style=\"display:none;text-align:center;\">\n            <img decoding=\"async\" style=\"width:40px;max-width:90%;\" src=\"https:\/\/virtuva.uva.es\/site\/wp-content\/plugins\/fichas_virtuva\/assets\/img\/cargando.gif\" alt=\"Cargando...\" \/>\n        <\/div>   \n        \n\n\n\n<p class=\"has-text-align-right\"><a href=\"https:\/\/virtuva.uva.es\/site\/formacion-permanente\/webinarios-virtuva\/\" data-type=\"page\" data-id=\"329\"><strong>[+ webinarios]<\/strong><\/a><\/p>\n\n\n\n<div style=\"height:49px\" aria-hidden=\"true\" class=\"wp-block-spacer\"><\/div>\n\n\n\n<h1 class=\"wp-block-heading h2\">#virtuvaayuda<\/h1>\n\n\n<div class=\"row\">            <div class=\"col-md-4 col-sm-12\">    \n                <a class=\"text-white text-decoration-none\" href=\"https:\/\/www.youtube.com\/shorts\/H-I1vFvaPjU\" target=\"_blank\" title=\"Se abrir\u00e1 en una p\u00e1gina nueva el v\u00eddeo en el Canal Youtube de VirtUVa\"><img decoding=\"async\" alt=\"Desde el centro VirtUVa, os deseamos a todos \u00a1felices fiestas!\ud83c\udf84\" class=\"pb-4\" src=\"https:\/\/i1.ytimg.com\/vi\/H-I1vFvaPjU\/hqdefault.jpg\"><\/a>\n            <\/div>\n                    <div class=\"col-md-4 col-sm-12\">    \n                <a class=\"text-white text-decoration-none\" href=\"https:\/\/www.youtube.com\/watch?v=TaPq9uDLWro\" target=\"_blank\" title=\"Se abrir\u00e1 en una p\u00e1gina nueva el v\u00eddeo en el Canal Youtube de VirtUVa\"><img decoding=\"async\" alt=\"Montaje Pr\u00e1ctico: C\u00f3mo Transmitir Audio con un L\u00e1ser\" class=\"pb-4\" src=\"https:\/\/i1.ytimg.com\/vi\/TaPq9uDLWro\/hqdefault.jpg\"><\/a>\n            <\/div>\n                    <div class=\"col-md-4 col-sm-12\">    \n                <a class=\"text-white text-decoration-none\" href=\"https:\/\/www.youtube.com\/watch?v=yQiDkvaJuTg\" target=\"_blank\" title=\"Se abrir\u00e1 en una p\u00e1gina nueva el v\u00eddeo en el Canal Youtube de VirtUVa\"><img decoding=\"async\" alt=\"La Red de Fibra hasta el Hogar\" class=\"pb-4\" src=\"https:\/\/i2.ytimg.com\/vi\/yQiDkvaJuTg\/hqdefault.jpg\"><\/a>\n            <\/div>\n        <\/div>           \n\n\n\n\n<p class=\"has-text-align-right\"><a href=\"https:\/\/www.youtube.com\/channel\/UCHtnsAUkTo4S4pMg89zThEA\" target=\"_blank\" rel=\"noreferrer noopener\"><strong>[+ v\u00eddeos]<\/strong><\/a><\/p>\n\n\n\n<div style=\"height:49px\" aria-hidden=\"true\" class=\"wp-block-spacer\"><\/div>\n\n\n\n<h1 class=\"wp-block-heading h2\">Jornadas y eventos de inter\u00e9s<\/h1>\n\n\n\n<div style=\"height:45px\" aria-hidden=\"true\" class=\"wp-block-spacer\"><\/div>\n\n\n\n<div class=\"wp-block-query is-layout-flow wp-block-query-is-layout-flow\"><ul class=\"columns-3 wp-block-post-template is-layout-grid wp-container-core-post-template-is-layout-2fc57c17 wp-block-post-template-is-layout-grid\"><li class=\"wp-block-post post-2779 post type-post status-publish format-standard has-post-thumbnail hentry category-jornadas-eventos-interes\">\n<figure class=\"wp-block-post-featured-image\"><img loading=\"lazy\" decoding=\"async\" width=\"1536\" height=\"570\" src=\"https:\/\/virtuva.uva.es\/site\/wp-content\/uploads\/2025\/05\/USATIC-2025-e1747226836555.png\" class=\"attachment-post-thumbnail size-post-thumbnail wp-post-image\" alt=\"USATIC-2025\" style=\"object-fit:cover;\" srcset=\"https:\/\/virtuva.uva.es\/site\/wp-content\/uploads\/2025\/05\/USATIC-2025-e1747226836555.png 1536w, https:\/\/virtuva.uva.es\/site\/wp-content\/uploads\/2025\/05\/USATIC-2025-e1747226836555-300x111.png 300w, https:\/\/virtuva.uva.es\/site\/wp-content\/uploads\/2025\/05\/USATIC-2025-e1747226836555-1024x380.png 1024w, https:\/\/virtuva.uva.es\/site\/wp-content\/uploads\/2025\/05\/USATIC-2025-e1747226836555-768x285.png 768w\" sizes=\"auto, (max-width: 1536px) 100vw, 1536px\" \/><\/figure>\n\n<h3 class=\"h2 wp-block-post-title has-medium-font-size\"><a href=\"https:\/\/virtuva.uva.es\/site\/congreso-internacional-virtual-usatic-2025-ubicuo-y-social-aprendizaje-con-tic\/\" target=\"_self\" >Congreso Internacional Virtual USATIC 2025, Ubicuo y Social: Aprendizaje con TIC<\/a><\/h3>\n\n<div class=\"wp-block-post-excerpt\"><p class=\"wp-block-post-excerpt__excerpt\">Durante los d\u00edas 24, 25 y 26 de junio de 2025 se celebrar\u00e1 la 13\u00aa edici\u00f3n del Congreso Internacional Virtual USATIC 2025, Congreso online dirigido a profesionales de la educaci\u00f3n de habla hispana implicados e interesados en la innovaci\u00f3n docente y los procesos de aprendizaje apoyados en tecnolog\u00eda, organizado por la\u00a0Red EuLES. <\/p><\/div>\n<\/li><li class=\"wp-block-post post-2692 post type-post status-publish format-standard has-post-thumbnail hentry category-jornadas-eventos-interes category-jornadas-uva\">\n<figure class=\"wp-block-post-featured-image\"><img loading=\"lazy\" decoding=\"async\" width=\"1227\" height=\"400\" src=\"https:\/\/virtuva.uva.es\/site\/wp-content\/uploads\/2025\/04\/miniweek.png\" class=\"attachment-post-thumbnail size-post-thumbnail wp-post-image\" alt=\"\" style=\"object-fit:cover;\" srcset=\"https:\/\/virtuva.uva.es\/site\/wp-content\/uploads\/2025\/04\/miniweek.png 1227w, https:\/\/virtuva.uva.es\/site\/wp-content\/uploads\/2025\/04\/miniweek-300x98.png 300w, https:\/\/virtuva.uva.es\/site\/wp-content\/uploads\/2025\/04\/miniweek-1024x334.png 1024w, https:\/\/virtuva.uva.es\/site\/wp-content\/uploads\/2025\/04\/miniweek-768x250.png 768w\" sizes=\"auto, (max-width: 1227px) 100vw, 1227px\" \/><\/figure>\n\n<h3 class=\"h2 wp-block-post-title has-medium-font-size\"><a href=\"https:\/\/virtuva.uva.es\/site\/i-miniweek-de-innovacion-docente\/\" target=\"_self\" >I Miniweek de Innovaci\u00f3n Docente<\/a><\/h3>\n\n<div class=\"wp-block-post-excerpt\"><p class=\"wp-block-post-excerpt__excerpt\">Del 10 al 12 de junio de 2025, la Universidad de Valladolid acoger\u00e1 la\u00a0I Miniweek de Innovaci\u00f3n Docente, un evento dise\u00f1ado para explorar y promover pr\u00e1cticas educativas innovadoras que generen un impacto transformador en el aprendizaje universitario, bajo el lema\u00a0\u00abAprendizaje con impacto, aprendizaje que transforma\u00bb <\/p><\/div>\n<\/li><li class=\"wp-block-post post-2559 post type-post status-publish format-standard has-post-thumbnail hentry category-jornadas-eventos-interes\">\n<figure class=\"wp-block-post-featured-image\"><img loading=\"lazy\" decoding=\"async\" width=\"200\" height=\"90\" src=\"https:\/\/virtuva.uva.es\/site\/wp-content\/uploads\/2025\/02\/logoCivinedu2025-1.png\" class=\"attachment-post-thumbnail size-post-thumbnail wp-post-image\" alt=\"\" style=\"object-fit:cover;\" \/><\/figure>\n\n<h3 class=\"h2 wp-block-post-title has-medium-font-size\"><a href=\"https:\/\/virtuva.uva.es\/site\/ix-congreso-internacional-virtual-en-investigacion-e-innovacion-educativa\/\" target=\"_self\" >IX CONGRESO INTERNACIONAL VIRTUAL EN INVESTIGACI\u00d3N E INNOVACI\u00d3N EDUCATIVA<\/a><\/h3>\n\n<div class=\"wp-block-post-excerpt\"><p class=\"wp-block-post-excerpt__excerpt\">Durante los d\u00edas 28 y 29 de mayo de 2025 se celebrar\u00e1 la 9\u00aa edici\u00f3n del Congreso CIVINEDU sobre Investigaci\u00f3n e Innovaci\u00f3n Educativa organizado por REDINE. <\/p><\/div>\n<\/li><\/ul>\n\n<\/div>\n\n\n\n<p class=\"has-text-align-right\"><a href=\"https:\/\/virtuva.uva.es\/site\/apartado\/jornadas-eventos-interes\/\"><strong>[+ jornadas y eventos de inter\u00e9s]<\/strong><\/a><\/p>\n\n\n\n<div class=\"wp-block-columns is-layout-flex wp-container-core-columns-is-layout-9d6595d7 wp-block-columns-is-layout-flex\">\n<div class=\"wp-block-column is-layout-flow wp-block-column-is-layout-flow\">\n<div class=\"wp-block-buttons is-content-justification-right is-layout-flex wp-container-core-buttons-is-layout-765c4724 wp-block-buttons-is-layout-flex\"><\/div>\n<\/div>\n\n\n\n<div class=\"wp-block-column is-layout-flow wp-block-column-is-layout-flow\">\n<p><\/p>\n<\/div>\n<\/div>\n\n\n\n<div style=\"height:30px\" aria-hidden=\"true\" class=\"wp-block-spacer\"><\/div>\n\n\n\n<p><\/p>\n","protected":false},"excerpt":{"rendered":"<p>Webinarios VirtUVa [+ webinarios] #virtuvaayuda [+ v\u00eddeos] Jornadas y eventos de inter\u00e9s [+ jornadas y eventos de inter\u00e9s]<\/p>\n","protected":false},"author":1,"featured_media":0,"parent":0,"menu_order":0,"comment_status":"closed","ping_status":"closed","template":"fullwidth-notitle.php","meta":{"videodestacado":"","videodestacado_sr":"","footnotes":""},"categories":[],"tags":[],"class_list":["post-35","page","type-page","status-publish","hentry"],"_links":{"self":[{"href":"https:\/\/virtuva.uva.es\/site\/wp-json\/wp\/v2\/pages\/35","targetHints":{"allow":["GET"]}}],"collection":[{"href":"https:\/\/virtuva.uva.es\/site\/wp-json\/wp\/v2\/pages"}],"about":[{"href":"https:\/\/virtuva.uva.es\/site\/wp-json\/wp\/v2\/types\/page"}],"author":[{"embeddable":true,"href":"https:\/\/virtuva.uva.es\/site\/wp-json\/wp\/v2\/users\/1"}],"replies":[{"embeddable":true,"href":"https:\/\/virtuva.uva.es\/site\/wp-json\/wp\/v2\/comments?post=35"}],"version-history":[{"count":74,"href":"https:\/\/virtuva.uva.es\/site\/wp-json\/wp\/v2\/pages\/35\/revisions"}],"predecessor-version":[{"id":2791,"href":"https:\/\/virtuva.uva.es\/site\/wp-json\/wp\/v2\/pages\/35\/revisions\/2791"}],"wp:attachment":[{"href":"https:\/\/virtuva.uva.es\/site\/wp-json\/wp\/v2\/media?parent=35"}],"wp:term":[{"taxonomy":"category","embeddable":true,"href":"https:\/\/virtuva.uva.es\/site\/wp-json\/wp\/v2\/categories?post=35"},{"taxonomy":"post_tag","embeddable":true,"href":"https:\/\/virtuva.uva.es\/site\/wp-json\/wp\/v2\/tags?post=35"}],"curies":[{"name":"wp","href":"https:\/\/api.w.org\/{rel}","templated":true}]}}