{"id":3493,"date":"2026-01-29T13:32:32","date_gmt":"2026-01-29T13:32:32","guid":{"rendered":"https:\/\/virtuva.uva.es\/site\/?page_id=3493"},"modified":"2026-02-05T10:29:20","modified_gmt":"2026-02-05T10:29:20","slug":"planeta-uvainteraccion","status":"publish","type":"page","link":"https:\/\/virtuva.uva.es\/site\/planeta-uvainteraccion\/","title":{"rendered":"Planeta UVaInteracci\u00f3n"},"content":{"rendered":"\n<div class=\"wp-block-media-text has-media-on-the-right is-stacked-on-mobile\" style=\"grid-template-columns:auto 30%\"><div class=\"wp-block-media-text__content\">\n<p><strong>LEMA DEL GID <\/strong>Planeta UVaInteracci\u00f3n: juega, participa, aprende<br><strong>ACR\u00d3NIMO<\/strong> UVaInteracci\u00f3n<br><strong>COORDINADOR <\/strong><a href=\"https:\/\/portaldelaciencia.uva.es\/investigadores\/179078\/detalle\"  title=\"La informaci\u00f3n se abrir\u00e1 en una nueva ventana\" target=\"_blank\">Jos\u00e9 Mar\u00eda Marb\u00e1n Prieto.<\/a><\/p>\n<\/div><figure class=\"wp-block-media-text__media\"><img loading=\"lazy\" decoding=\"async\" width=\"374\" height=\"321\" src=\"http:\/\/virtuva.uva.es\/site\/wp-content\/uploads\/2026\/02\/PLANETA-Interaccion_001.png\" alt=\"\" class=\"wp-image-3724 size-full\" srcset=\"https:\/\/virtuva.uva.es\/site\/wp-content\/uploads\/2026\/02\/PLANETA-Interaccion_001.png 374w, https:\/\/virtuva.uva.es\/site\/wp-content\/uploads\/2026\/02\/PLANETA-Interaccion_001-300x257.png 300w\" sizes=\"auto, (max-width: 374px) 100vw, 374px\" \/><\/figure><\/div>\n\n\n\n<p><strong>Objetivo general<\/strong><\/p>\n\n\n\n<p>Estimular el desarrollo, intercambio, experimentaci\u00f3n y difusi\u00f3n de experiencias educativas transformadoras, integrando de manera creativa y fundamentada metodolog\u00edas activas, tecnolog\u00edas digitales, inteligencia artificial, colaboraci\u00f3n internacional y proyectos de impacto social.<\/p>\n\n\n\n<p>Los Planetas institucionales promover\u00e1n la cocreaci\u00f3n de conocimiento, la producci\u00f3n de materiales y objetos de aprendizaje compartidos, la reflexi\u00f3n conjunta y la transferencia de buenas pr\u00e1cticas, con el fin de mejorar la calidad de la docencia, fortalecer la actividad investigadora y avanzar hacia modelos educativos m\u00e1s colaborativos, abiertos, transdisciplinares e internacionalizados.<\/p>\n\n\n\n<p><strong>Objetivos espec\u00edficos<\/strong><\/p>\n\n\n\n<ul class=\"wp-block-list\">\n<li>Analizar, de forma colaborativa, la potencialidad para la ense\u00f1anza y el aprendizaje en el \u00e1mbito universitario de diferentes herramientas de interacci\u00f3n (Kahoot, Socrative, Mentimeter, Kuet [integrada en el Campus Virtual], Wooclap, etc.) en entornos tanto presenciales como h\u00edbridos o virtuales.<\/li>\n\n\n\n<li>Compartir experiencias en relaci\u00f3n con el uso de las herramientas mencionadas, sobre todo las que emerjan del trabajo desarrollado en el Planeta, en sesiones de LIDUVa.<\/li>\n\n\n\n<li>Dise\u00f1ar y elaborar objetos de aprendizaje (preferiblemente en formato audiovisual) basados en las herramientas con las que se trabaje en el Planeta para publicar en abierto.<\/li>\n<\/ul>\n\n\n\n<p><strong>A qui\u00e9n va dirigido<\/strong><\/p>\n\n\n\n<p>A todo el personal docente e investigador de la UVa, as\u00ed como al Personal T\u00e9cnico de Gesti\u00f3n de  Administraci\u00f3n y Servicios.<\/p>\n\n\n\n<p><\/p>\n\n\n\n<div class=\"wp-block-query is-layout-flow wp-block-query-is-layout-flow\">\n\n<div class=\"wp-block-query-no-results\">\n\n<p><\/p>\n\n<\/div><\/div>\n\n\n\n<div class=\"wp-block-group\"><div class=\"wp-block-group__inner-container is-layout-flow wp-block-group-is-layout-flow\">\n<div style=\"height:46px\" aria-hidden=\"true\" class=\"wp-block-spacer\"><\/div>\n\n\n\n<h2 class=\"wp-block-heading\">Solicitud de GID Planeta UVaInteracci\u00f3n<\/h2>\n\n\n\n<p>Si est\u00e1s interesado o interesada en formar parte del Planeta UVaInteracci\u00f3n, puedes enviar correo a: <strong>virtuva@uva.es<\/strong>.<\/p>\n<\/div><\/div>\n\n\n\n<div class=\"wp-block-query is-layout-flow wp-block-query-is-layout-flow\"><\/div>\n\n\n\n<div style=\"height:43px\" aria-hidden=\"true\" class=\"wp-block-spacer\"><\/div>\n\n\n\n<h2 class=\"wp-block-heading\">Hist\u00f3rico de GID Planeta UVaInteracci\u00f3n<\/h2>\n\n\n\n<div class=\"wp-block-query is-layout-flow wp-block-query-is-layout-flow\">\n\n<div class=\"wp-block-query-no-results\">\n\n<p><\/p>\n\n<\/div><\/div>\n\n\n\n<div class=\"wp-block-columns is-layout-flex wp-container-core-columns-is-layout-9d6595d7 wp-block-columns-is-layout-flex\">\n<div class=\"wp-block-column is-layout-flow wp-block-column-is-layout-flow\" style=\"flex-basis:80%\">\n<p><\/p>\n<\/div>\n\n\n\n<div class=\"wp-block-column is-layout-flow wp-block-column-is-layout-flow\" style=\"flex-basis:33.33%\"><\/div>\n<\/div>\n\n\n\n<p><p><\/p>\n<!-- \/wp:paragraph--><\/p>\n","protected":false},"excerpt":{"rendered":"<p>LEMA DEL GID Planeta UVaInteracci\u00f3n: juega, participa, aprendeACR\u00d3NIMO UVaInteracci\u00f3nCOORDINADOR Jos\u00e9 Mar\u00eda Marb\u00e1n Prieto. Objetivo general Estimular el desarrollo, intercambio, experimentaci\u00f3n y difusi\u00f3n de experiencias educativas transformadoras, integrando de manera creativa y fundamentada metodolog\u00edas activas, tecnolog\u00edas digitales, inteligencia artificial, colaboraci\u00f3n internacional y proyectos de impacto social. Los Planetas institucionales promover\u00e1n la cocreaci\u00f3n de conocimiento, la producci\u00f3n [&hellip;]<\/p>\n","protected":false},"author":6,"featured_media":3509,"parent":0,"menu_order":0,"comment_status":"closed","ping_status":"closed","template":"fullwidth.php","meta":{"videodestacado":"","videodestacado_sr":"","footnotes":""},"categories":[],"tags":[],"class_list":["post-3493","page","type-page","status-publish","has-post-thumbnail","hentry"],"_links":{"self":[{"href":"https:\/\/virtuva.uva.es\/site\/wp-json\/wp\/v2\/pages\/3493","targetHints":{"allow":["GET"]}}],"collection":[{"href":"https:\/\/virtuva.uva.es\/site\/wp-json\/wp\/v2\/pages"}],"about":[{"href":"https:\/\/virtuva.uva.es\/site\/wp-json\/wp\/v2\/types\/page"}],"author":[{"embeddable":true,"href":"https:\/\/virtuva.uva.es\/site\/wp-json\/wp\/v2\/users\/6"}],"replies":[{"embeddable":true,"href":"https:\/\/virtuva.uva.es\/site\/wp-json\/wp\/v2\/comments?post=3493"}],"version-history":[{"count":34,"href":"https:\/\/virtuva.uva.es\/site\/wp-json\/wp\/v2\/pages\/3493\/revisions"}],"predecessor-version":[{"id":3738,"href":"https:\/\/virtuva.uva.es\/site\/wp-json\/wp\/v2\/pages\/3493\/revisions\/3738"}],"wp:featuredmedia":[{"embeddable":true,"href":"https:\/\/virtuva.uva.es\/site\/wp-json\/wp\/v2\/media\/3509"}],"wp:attachment":[{"href":"https:\/\/virtuva.uva.es\/site\/wp-json\/wp\/v2\/media?parent=3493"}],"wp:term":[{"taxonomy":"category","embeddable":true,"href":"https:\/\/virtuva.uva.es\/site\/wp-json\/wp\/v2\/categories?post=3493"},{"taxonomy":"post_tag","embeddable":true,"href":"https:\/\/virtuva.uva.es\/site\/wp-json\/wp\/v2\/tags?post=3493"}],"curies":[{"name":"wp","href":"https:\/\/api.w.org\/{rel}","templated":true}]}}