{"id":3485,"date":"2026-01-29T14:34:00","date_gmt":"2026-01-29T14:34:00","guid":{"rendered":"https:\/\/virtuva.uva.es\/site\/?page_id=3485"},"modified":"2026-02-05T10:30:01","modified_gmt":"2026-02-05T10:30:01","slug":"planeta-uvatransforma3-transformacion-y-transicion-estructural-de-los-grados-hacia-proyectos-transdisciplinares","status":"publish","type":"page","link":"https:\/\/virtuva.uva.es\/site\/planeta-uvatransforma3-transformacion-y-transicion-estructural-de-los-grados-hacia-proyectos-transdisciplinares\/","title":{"rendered":"Planeta UVaTrans(forma)<sup>3<\/sup>"},"content":{"rendered":"\n<div class=\"wp-block-media-text has-media-on-the-right is-stacked-on-mobile\" style=\"grid-template-columns:auto 35%\"><div class=\"wp-block-media-text__content\">\n<p><strong>LEMA DEL GID <\/strong>Planeta UVaTrans(forma)<sup>3<\/sup>: Transformaci\u00f3n y Transici\u00f3n estructural de los grados hacia proyectos Transdisciplinares.<br><strong>ACR\u00d3NIMO<\/strong> UVaTrans(forma)<sup>3<\/sup><br><strong>COORDINADORA <a href=\"https:\/\/portaldelaciencia.uva.es\/investigadores\/180997\/detalle\"  title=\"La informaci\u00f3n se abrir\u00e1 en una nueva ventana\" target=\"_blank\">Alicia Pe\u00f1alba Ac\u00edtores<\/a><\/strong>.<\/p>\n<\/div><figure class=\"wp-block-media-text__media\"><img loading=\"lazy\" decoding=\"async\" width=\"384\" height=\"333\" src=\"http:\/\/virtuva.uva.es\/site\/wp-content\/uploads\/2026\/02\/PLANETA-Transforma_001.png\" alt=\"\" class=\"wp-image-3726 size-full\" srcset=\"https:\/\/virtuva.uva.es\/site\/wp-content\/uploads\/2026\/02\/PLANETA-Transforma_001.png 384w, https:\/\/virtuva.uva.es\/site\/wp-content\/uploads\/2026\/02\/PLANETA-Transforma_001-300x260.png 300w\" sizes=\"auto, (max-width: 384px) 100vw, 384px\" \/><\/figure><\/div>\n\n\n\n<p>Trans(forma)<sup>3<\/sup> es un Grupo de Innovaci\u00f3n Docente institucional de la Universidad de Valladolid orientado a la transformaci\u00f3n progresiva de la docencia universitaria mediante la integraci\u00f3n del Aprendizaje Basado en Proyectos (ABP) como eje metodol\u00f3gico de los grados, avanzando hacia un enfoque de car\u00e1cter transdisciplinar. A lo largo de varias fases, el proyecto promueve un cambio estructural en las titulaciones a trav\u00e9s de proyectos coordinados entre varias asignaturas de diferentes \u00e1reas de<br>conocimiento, articuladas en torno a la resoluci\u00f3n de problemas sociales reales en colaboraci\u00f3n con agentes externos (empresas, instituciones, organizaciones sociales y ciudadan\u00eda).<br><\/p>\n\n\n\n<p>Estos proyectos se conciben como espacios de co-creaci\u00f3n de conocimiento, en los que el aprendizaje se construye de manera situada, dial\u00f3gica y colaborativa, fomentando la participaci\u00f3n activa del estudiantado, la integraci\u00f3n de saberes acad\u00e9micos y no acad\u00e9micos, y la generaci\u00f3n de impacto social. De este modo, el proyecto busca consolidar un modelo transferible y sostenible de innovaci\u00f3n educativa que permita avanzar progresivamente hacia estructuras curriculares de car\u00e1cter transdisciplinar.<\/p>\n\n\n\n<p><strong>Objetivo general<\/strong><\/p>\n\n\n\n<p>Estimular el desarrollo, intercambio, experimentaci\u00f3n y difusi\u00f3n de experiencias educativas transformadoras, integrando de manera creativa y fundamentada metodolog\u00edas activas, tecnolog\u00edas digitales, inteligencia artificial, colaboraci\u00f3n internacional y proyectos de impacto social.<\/p>\n\n\n\n<p>Los Planetas institucionales promover\u00e1n la cocreaci\u00f3n de conocimiento, la producci\u00f3n de materiales y objetos de aprendizaje compartidos, la reflexi\u00f3n conjunta y la transferencia de buenas pr\u00e1cticas, con el fin de mejorar la calidad de la docencia, fortalecer la actividad investigadora y avanzar hacia modelos educativos m\u00e1s colaborativos, abiertos, transdisciplinares e internacionalizados.<\/p>\n\n\n\n<p><strong>Objetivos espec\u00edficos<\/strong><\/p>\n\n\n\n<ul class=\"wp-block-list\">\n<li>Constituir y consolidar un grupo estable, diverso y heterog\u00e9neo de profesorado universitario, procedente de distintas \u00e1reas de conocimiento y con diferentes perfiles acad\u00e9micos y profesionales, interesado en la reflexi\u00f3n, el debate y la investigaci\u00f3n compartida en torno a la transdisciplinariedad y la transformaci\u00f3n estructural de los grados.<\/li>\n\n\n\n<li>Analizar, de forma colaborativa, las posibilidades de los proyectos de car\u00e1cter transdisciplinar como ejes vertebradores de un cambio metodol\u00f3gico y estructural en los grados de la Universidad de Valladolid.<\/li>\n\n\n\n<li>Constituir y dinamizar grupos de trabajo interdisciplinares y transversales para la reflexi\u00f3n, el dise\u00f1o y la toma de decisiones en torno a la transformaci\u00f3n progresiva de las titulaciones, implicando a profesorado, equipos decanales, comisiones de t\u00edtulo, estudiantado y agentes externos.<\/li>\n\n\n\n<li>Recibir orientaci\u00f3n sobre dise\u00f1o de estrategias de coordinaci\u00f3n y trabajo con grupos heterog\u00e9neos (docentes de diversas \u00e1reas, estudiantes, responsables acad\u00e9micos, empresas, instituciones y organizaciones sociales) que faciliten la integraci\u00f3n de proyectos reales en el curr\u00edculo y favorezcan procesos de co-creaci\u00f3n de conocimiento.<\/li>\n\n\n\n<li>Compartir experiencias de implementaci\u00f3n del modelo en diferentes asignaturas y grados en sesiones de LIDUVa u otros espacios de intercambio y reflexi\u00f3n docente.<\/li>\n\n\n\n<li>Dise\u00f1ar e implementar modelos de evaluaci\u00f3n integrados que permitan valorar tanto los procesos como los resultados derivados de la introducci\u00f3n del ABP, considerando su impacto en el aprendizaje del alumnado, en la organizaci\u00f3n docente y en las entidades colaboradoras.<\/li>\n\n\n\n<li>Dise\u00f1ar y elaborar objetos de aprendizaje (preferentemente en formato audiovisual) sobre el dise\u00f1o, desarrollo, evaluaci\u00f3n y sostenibilidad de proyectos ABP orientados a la transdisciplinariedad en titulaciones universitarias.<\/li>\n<\/ul>\n\n\n\n<p><strong>A qui\u00e9n va dirigido<\/strong><\/p>\n\n\n\n<p>A todo el personal docente e investigador de la UVa, as\u00ed como al Personal T\u00e9cnico de Gesti\u00f3n de Administraci\u00f3n y Servicios.<\/p>\n\n\n\n<p><\/p>\n\n\n\n<div class=\"wp-block-query is-layout-flow wp-block-query-is-layout-flow\">\n<div class=\"wp-block-columns is-layout-flex wp-container-core-columns-is-layout-9d6595d7 wp-block-columns-is-layout-flex\"><\/div>\n\n\n<div class=\"wp-block-query-no-results\">\n\n<p><\/p>\n\n<\/div><\/div>\n\n\n\n<div class=\"wp-block-group\"><div class=\"wp-block-group__inner-container is-layout-flow wp-block-group-is-layout-flow\">\n<div style=\"height:46px\" aria-hidden=\"true\" class=\"wp-block-spacer\"><\/div>\n\n\n\n<h2 class=\"wp-block-heading\">Solicitud de GIP Planeta UVaTrans(forma)<sup>3<\/sup><\/h2>\n\n\n\n<p>Si est\u00e1s interesado o interesada en formar parte del Planeta Trans(forma)<sup>3<\/sup>, puedes enviar correo a: <strong>virtuva@uva.es<\/strong>.<\/p>\n<\/div><\/div>\n\n\n\n<div class=\"wp-block-query is-layout-flow wp-block-query-is-layout-flow\"><\/div>\n\n\n\n<div style=\"height:43px\" aria-hidden=\"true\" class=\"wp-block-spacer\"><\/div>\n\n\n\n<h2 class=\"wp-block-heading\">Hist\u00f3rico de GID Planeta UVaTrans(forma)<sup>3<\/sup><\/h2>\n\n\n\n<div class=\"wp-block-query is-layout-flow wp-block-query-is-layout-flow\">\n\n<div class=\"wp-block-query-no-results\">\n\n<p><\/p>\n\n<\/div><\/div>\n\n\n\n<div class=\"wp-block-columns is-layout-flex wp-container-core-columns-is-layout-9d6595d7 wp-block-columns-is-layout-flex\">\n<div class=\"wp-block-column is-layout-flow wp-block-column-is-layout-flow\" style=\"flex-basis:80%\">\n<p><\/p>\n<\/div>\n\n\n\n<div class=\"wp-block-column is-layout-flow wp-block-column-is-layout-flow\" style=\"flex-basis:33.33%\"><\/div>\n<\/div>\n\n\n\n<p><\/p>\n","protected":false},"excerpt":{"rendered":"<p>LEMA DEL GID Planeta UVaTrans(forma)3: Transformaci\u00f3n y Transici\u00f3n estructural de los grados hacia proyectos Transdisciplinares.ACR\u00d3NIMO UVaTrans(forma)3COORDINADORA Alicia Pe\u00f1alba Ac\u00edtores. Trans(forma)3 es un Grupo de Innovaci\u00f3n Docente institucional de la Universidad de Valladolid orientado a la transformaci\u00f3n progresiva de la docencia universitaria mediante la integraci\u00f3n del Aprendizaje Basado en Proyectos (ABP) como eje metodol\u00f3gico de los [&hellip;]<\/p>\n","protected":false},"author":1,"featured_media":0,"parent":0,"menu_order":0,"comment_status":"closed","ping_status":"closed","template":"fullwidth.php","meta":{"videodestacado":"","videodestacado_sr":"","footnotes":""},"categories":[],"tags":[],"class_list":["post-3485","page","type-page","status-publish","hentry"],"_links":{"self":[{"href":"https:\/\/virtuva.uva.es\/site\/wp-json\/wp\/v2\/pages\/3485","targetHints":{"allow":["GET"]}}],"collection":[{"href":"https:\/\/virtuva.uva.es\/site\/wp-json\/wp\/v2\/pages"}],"about":[{"href":"https:\/\/virtuva.uva.es\/site\/wp-json\/wp\/v2\/types\/page"}],"author":[{"embeddable":true,"href":"https:\/\/virtuva.uva.es\/site\/wp-json\/wp\/v2\/users\/1"}],"replies":[{"embeddable":true,"href":"https:\/\/virtuva.uva.es\/site\/wp-json\/wp\/v2\/comments?post=3485"}],"version-history":[{"count":28,"href":"https:\/\/virtuva.uva.es\/site\/wp-json\/wp\/v2\/pages\/3485\/revisions"}],"predecessor-version":[{"id":3740,"href":"https:\/\/virtuva.uva.es\/site\/wp-json\/wp\/v2\/pages\/3485\/revisions\/3740"}],"wp:attachment":[{"href":"https:\/\/virtuva.uva.es\/site\/wp-json\/wp\/v2\/media?parent=3485"}],"wp:term":[{"taxonomy":"category","embeddable":true,"href":"https:\/\/virtuva.uva.es\/site\/wp-json\/wp\/v2\/categories?post=3485"},{"taxonomy":"post_tag","embeddable":true,"href":"https:\/\/virtuva.uva.es\/site\/wp-json\/wp\/v2\/tags?post=3485"}],"curies":[{"name":"wp","href":"https:\/\/api.w.org\/{rel}","templated":true}]}}