{"id":329,"date":"2022-06-10T11:14:03","date_gmt":"2022-06-10T11:14:03","guid":{"rendered":"http:\/\/virtuva.uva.es\/site\/?page_id=329"},"modified":"2025-09-09T10:12:05","modified_gmt":"2025-09-09T10:12:05","slug":"webinarios-virtuva","status":"publish","type":"page","link":"https:\/\/virtuva.uva.es\/site\/formacion-permanente\/webinarios-virtuva\/","title":{"rendered":"Webinarios VirtUVa"},"content":{"rendered":"\n<div style=\"height:30px\" aria-hidden=\"true\" class=\"wp-block-spacer\"><\/div>\n\n\n\n<div class=\"wp-block-media-text has-media-on-the-right is-stacked-on-mobile\"><div class=\"wp-block-media-text__content\">\n<p>Desde el Centro VirtUVa, con el objetivo de proporcionar una l\u00ednea de formaci\u00f3n r\u00e1pida y adaptada a la demanda&nbsp; o necesidades formativas del momento, se organizan webinarios destinados a todos los colectivos de la Universidad de Valladolid.<\/p>\n\n\n\n<div class=\"wp-block-columns is-layout-flex wp-container-core-columns-is-layout-9d6595d7 wp-block-columns-is-layout-flex\">\n<div class=\"wp-block-column is-layout-flow wp-block-column-is-layout-flow\">\n<div class=\"wp-block-group\"><div class=\"wp-block-group__inner-container is-layout-constrained wp-block-group-is-layout-constrained\">\n<div class=\"wp-block-buttons is-layout-flex wp-block-buttons-is-layout-flex\">\n<div class=\"wp-block-button has-custom-width wp-block-button__width-100 has-custom-font-size is-style-outline has-small-font-size is-style-outline--1\"><a class=\"wp-block-button__link has-text-color has-link-color wp-element-button\" href=\"https:\/\/extension.campusvirtual.uva.es\/course\/view.php?id=2574&amp;section=4\" style=\"border-radius:45px;color:#b10707\"  title=\"La informaci\u00f3n se abrir\u00e1 en una nueva ventana\" target=\"_blank\">Grabaciones de los webinarios PDI ya finalizados<\/a><\/div>\n\n\n\n<div class=\"wp-block-button has-custom-width wp-block-button__width-100 has-custom-font-size is-style-outline has-small-font-size is-style-outline--2\"><a class=\"wp-block-button__link has-text-color has-link-color wp-element-button\" href=\"https:\/\/extension.campusvirtual.uva.es\/course\/view.php?id=8373&amp;section=4\" style=\"border-radius:45px;color:#b10707\"  title=\"La informaci\u00f3n se abrir\u00e1 en una nueva ventana\" target=\"_blank\">Grabaciones de los webinarios PTGAS ya finalizados<\/a><\/div>\n\n\n\n<div class=\"wp-block-button has-custom-width wp-block-button__width-100 has-custom-font-size is-style-outline has-small-font-size is-style-outline--3\"><a class=\"wp-block-button__link has-text-color has-link-color wp-element-button\" href=\"https:\/\/extension.campusvirtual.uva.es\/course\/view.php?id=8206&amp;section=3\" style=\"border-radius:45px;color:#b10707\"  title=\"La informaci\u00f3n se abrir\u00e1 en una nueva ventana\" target=\"_blank\">Grabaciones de los webinarios Estudiantes ya finalizados<\/a><\/div>\n<\/div>\n<\/div><\/div>\n<\/div>\n<\/div>\n<\/div><figure class=\"wp-block-media-text__media\"><img loading=\"lazy\" decoding=\"async\" width=\"1024\" height=\"512\" src=\"http:\/\/virtuva.uva.es\/site\/wp-content\/uploads\/2022\/06\/webinars-1024x512.png\" alt=\"Webinarios VirtUVa\" class=\"wp-image-346 size-full\" srcset=\"https:\/\/virtuva.uva.es\/site\/wp-content\/uploads\/2022\/06\/webinars-1024x512.png 1024w, https:\/\/virtuva.uva.es\/site\/wp-content\/uploads\/2022\/06\/webinars-300x150.png 300w, https:\/\/virtuva.uva.es\/site\/wp-content\/uploads\/2022\/06\/webinars-768x384.png 768w, https:\/\/virtuva.uva.es\/site\/wp-content\/uploads\/2022\/06\/webinars-1536x768.png 1536w, https:\/\/virtuva.uva.es\/site\/wp-content\/uploads\/2022\/06\/webinars.png 2000w\" sizes=\"auto, (max-width: 1024px) 100vw, 1024px\" \/><\/figure><\/div>\n\n\n\n<div style=\"height:30px\" aria-hidden=\"true\" class=\"wp-block-spacer\"><\/div>\n\n\n\n    <h2>Listado de webinarios<\/h2>\n        <input type=\"hidden\" name=\"filtro-elementos\" value=\"10\"\/>\n    <input type=\"hidden\" name=\"filtro-paginado\" value=\"true\"\/>\n    <input type=\"hidden\" name=\"filtro-prefiere\" value=\"imagen\"\/>\n\n            <div id=\"filtro_formacion\" class=\"row mb-3 p-3  border-bottom border-secondary\">\n            <div class=\"col d-flex justify-content-start \">\n                <fieldset class=\"radio-buttons d-none d-md-block\">\n                    <legend class=\"sr-only\">Filtrar por fecha de formaci\u00f3n<\/legend>\n                    <label class=\"radio-button\" for=\"filtro-fechaformacion-todos\">\n                        <input type=\"radio\" name=\"filtro-fechaformacion\" id=\"filtro-fechaformacion-todos\" value=\"all-courses\" checked>\n                        <span class=\"button\">Todos<\/span>\n                    <\/label>\n                    <label class=\"radio-button\" for=\"filtro-fechaformacion-next\">\n                        <input type=\"radio\" name=\"filtro-fechaformacion\" id=\"filtro-fechaformacion-next\" value=\"next-courses\">\n                        <span class=\"button\">Pr\u00f3ximos webinarios<\/span>\n                    <\/label>\n                    <!-- <label class=\"radio-button\">\n                        <input type=\"radio\" name=\"filtro-fechaformacion\" value=\"current-courses\">\n                        <span class=\"button\">En curso<\/span>\n                    <\/label> -->\n                    <label class=\"radio-button\" for=\"filtro-fechaformacion-prev\">\n                        <input type=\"radio\" name=\"filtro-fechaformacion\" id=\"filtro-fechaformacion-prev\" value=\"previous-courses\">\n                        <span class=\"button\">Anteriores<\/span>\n                    <\/label>\n                <\/fieldset>\n            <\/div>\n            <div class=\"col d-flex justify-content-end\">\n                <fieldset class=\"radio-buttons\">\n                    <legend class=\"sr-only\">Filtrar por destinatario<\/legend>\n                        \n                        <label class=\"radio-button\" for=\"filtro-destinatario-todos\">\n                            <input type=\"radio\" name=\"filtro-destinatario\" id=\"filtro-destinatario-todos\" value=\"todos\" checked>\n                            <span class=\"button\">Todos<\/span>\n                        <\/label>\n                                               \n                            <label class=\"radio-button\" for=\"filtro-destinatario-estudiantes\" >\n                                <input type=\"radio\" name=\"filtro-destinatario\" id=\"filtro-destinatario-estudiantes\" value=\"estudiantes\">\n                                <span class=\"button\">Estudiantes<\/span>\n                            <\/label>\n                                                    \n                            <label class=\"radio-button\" for=\"filtro-destinatario-pdi\" >\n                                <input type=\"radio\" name=\"filtro-destinatario\" id=\"filtro-destinatario-pdi\" value=\"pdi\">\n                                <span class=\"button\">PDI<\/span>\n                            <\/label>\n                                                    \n                            <label class=\"radio-button\" for=\"filtro-destinatario-ptgas\" >\n                                <input type=\"radio\" name=\"filtro-destinatario\" id=\"filtro-destinatario-ptgas\" value=\"ptgas\">\n                                <span class=\"button\">PTGAS<\/span>\n                            <\/label>\n                                        <\/fieldset>\n            <\/div>\n        <\/div>\n                    \n        <div id=\"webinarios\" class=\"row \"><\/div>\n        <div id=\"loading\" style=\"display:none;text-align:center;\">\n            <img decoding=\"async\" style=\"width:40px;max-width:90%;\" src=\"https:\/\/virtuva.uva.es\/site\/wp-content\/plugins\/fichas_virtuva\/assets\/img\/cargando.gif\" alt=\"Cargando...\" \/>\n        <\/div>   \n                   <p class=\"text-center text-primary\"><a id=\"cargar-mas-btn\" style=\"cursor:pointer;\"><strong>[ + webinarios ]<\/strong><\/a><\/p>\n    \n\n\n\n<p><\/p>\n","protected":false},"excerpt":{"rendered":"","protected":false},"author":1,"featured_media":346,"parent":55,"menu_order":0,"comment_status":"closed","ping_status":"closed","template":"fullwidth.php","meta":{"videodestacado":"","videodestacado_sr":"","footnotes":""},"categories":[],"tags":[],"class_list":["post-329","page","type-page","status-publish","has-post-thumbnail","hentry"],"_links":{"self":[{"href":"https:\/\/virtuva.uva.es\/site\/wp-json\/wp\/v2\/pages\/329","targetHints":{"allow":["GET"]}}],"collection":[{"href":"https:\/\/virtuva.uva.es\/site\/wp-json\/wp\/v2\/pages"}],"about":[{"href":"https:\/\/virtuva.uva.es\/site\/wp-json\/wp\/v2\/types\/page"}],"author":[{"embeddable":true,"href":"https:\/\/virtuva.uva.es\/site\/wp-json\/wp\/v2\/users\/1"}],"replies":[{"embeddable":true,"href":"https:\/\/virtuva.uva.es\/site\/wp-json\/wp\/v2\/comments?post=329"}],"version-history":[{"count":99,"href":"https:\/\/virtuva.uva.es\/site\/wp-json\/wp\/v2\/pages\/329\/revisions"}],"predecessor-version":[{"id":3010,"href":"https:\/\/virtuva.uva.es\/site\/wp-json\/wp\/v2\/pages\/329\/revisions\/3010"}],"up":[{"embeddable":true,"href":"https:\/\/virtuva.uva.es\/site\/wp-json\/wp\/v2\/pages\/55"}],"wp:featuredmedia":[{"embeddable":true,"href":"https:\/\/virtuva.uva.es\/site\/wp-json\/wp\/v2\/media\/346"}],"wp:attachment":[{"href":"https:\/\/virtuva.uva.es\/site\/wp-json\/wp\/v2\/media?parent=329"}],"wp:term":[{"taxonomy":"category","embeddable":true,"href":"https:\/\/virtuva.uva.es\/site\/wp-json\/wp\/v2\/categories?post=329"},{"taxonomy":"post_tag","embeddable":true,"href":"https:\/\/virtuva.uva.es\/site\/wp-json\/wp\/v2\/tags?post=329"}],"curies":[{"name":"wp","href":"https:\/\/api.w.org\/{rel}","templated":true}]}}