{"id":3138,"date":"2025-10-09T09:10:39","date_gmt":"2025-10-09T09:10:39","guid":{"rendered":"https:\/\/virtuva.uva.es\/site\/?page_id=3138"},"modified":"2025-10-09T09:22:07","modified_gmt":"2025-10-09T09:22:07","slug":"formacion-payud","status":"publish","type":"page","link":"https:\/\/virtuva.uva.es\/site\/formacion-inicial\/formacion-payud\/","title":{"rendered":"Formaci\u00f3n PAYUD"},"content":{"rendered":"\n<div class=\"wp-block-query is-layout-flow wp-block-query-is-layout-flow\"><ul class=\"columns-2 wp-block-post-template is-layout-grid wp-container-core-post-template-is-layout-17361a50 wp-block-post-template-is-layout-grid\"><li class=\"wp-block-post post-3126 post type-post status-publish format-standard has-post-thumbnail hentry category-formacion-permanente category-formacion-inicial\">\n\n<div class=\"wp-block-group p-4 bg-light\"><div class=\"wp-block-group__inner-container is-layout-flow wp-block-group-is-layout-flow\"><h2 style=\"font-style:normal;font-weight:300;letter-spacing:1px;\" class=\"has-text-align-center text-dark wp-block-post-title has-medium-font-size\">Plan de formaci\u00f3n del profesorado novel interuniversitario \u2013 Curso 2024-2025<\/h2>\n\n<div class=\"entry-content text-center wp-block-post-content is-layout-flow wp-block-post-content-is-layout-flow\">\n<p class=\"has-text-align-center\"><a href=\"http:\/\/virtuva.uva.es\/site\/wp-content\/uploads\/2025\/10\/Plan-de-formacion-PAYUD-24_25.pdf\" target=\"_blank\" rel=\"noreferrer noopener\"><strong>Descargar el plan de formaci\u00f3n del profesorado novel interuniversitario del curso acad\u00e9mico 24-25<\/strong><\/a><\/p>\n<\/div>\n\n\n<div style=\"height:24px\" aria-hidden=\"true\" class=\"wp-block-spacer\"><\/div>\n\n\n<figure style=\"height:400px;\" class=\"wp-block-post-featured-image\"><a href=\"https:\/\/virtuva.uva.es\/site\/plan-de-formacion-del-profesorado-novel-interuniversitario-curso-2024-2025\/\" target=\"_self\"  style=\"height:400px\"><img loading=\"lazy\" decoding=\"async\" width=\"631\" height=\"888\" src=\"https:\/\/virtuva.uva.es\/site\/wp-content\/uploads\/2025\/10\/Plan-de-formacion-PAYUD-24-25.jpg\" class=\"attachment-post-thumbnail size-post-thumbnail wp-post-image\" alt=\"Plan de formaci\u00f3n del profesorado novel interuniversitario \u2013 Curso 2024-2025\" style=\"height:400px;object-fit:contain;\" srcset=\"https:\/\/virtuva.uva.es\/site\/wp-content\/uploads\/2025\/10\/Plan-de-formacion-PAYUD-24-25.jpg 631w, https:\/\/virtuva.uva.es\/site\/wp-content\/uploads\/2025\/10\/Plan-de-formacion-PAYUD-24-25-213x300.jpg 213w\" sizes=\"auto, (max-width: 631px) 100vw, 631px\" \/><\/a><\/figure>\n\n\n<div style=\"height:31px\" aria-hidden=\"true\" class=\"wp-block-spacer\"><\/div>\n<\/div><\/div>\n\n<\/li><\/ul>\n\n<\/div>\n\n\n\n<div class=\"wp-block-group\"><div class=\"wp-block-group__inner-container is-layout-flow wp-block-group-is-layout-flow\">\n<div style=\"height:46px\" aria-hidden=\"true\" class=\"wp-block-spacer\"><\/div>\n\n\n\n<h2 class=\"wp-block-heading\">Solicitud de cursos de formaci\u00f3n del profesorado novel interuniversitario<\/h2>\n\n\n\n<p>Si tu titulaci\u00f3n o Centro necesita cursos de formaci\u00f3n espec\u00edfica, puedes enviar tu propuesta a nuestra direcci\u00f3n de correo electr\u00f3nico: <strong>virtuva@uva.es<\/strong>.<\/p>\n\n\n\n<p>La modalidad de los cursos puede ser presencial, semipresencial o completamente virtual.<\/p>\n\n\n\n<p>La financiaci\u00f3n de estos \u00abcursos a medida\u00bb debe ser asumida a partes iguales por el Centro solicitante y el Centro VirtUVa. Si ten\u00e9is claro el posible formador\/ponente lo pod\u00e9is sugerir, y si no lo ten\u00e9is pero detect\u00e1is una necesidad espec\u00edfica, lo buscaremos en nuestras bases de datos y redes de profesores colaboradores.<\/p>\n<\/div><\/div>\n\n\n\n<div class=\"wp-block-query is-layout-flow wp-block-query-is-layout-flow\"><\/div>\n\n\n\n<div style=\"height:43px\" aria-hidden=\"true\" class=\"wp-block-spacer\"><\/div>\n\n\n\n<h2 class=\"wp-block-heading\">Hist\u00f3rico de planes de formaci\u00f3n del profesorado novel interuniversitario<\/h2>\n\n\n\n<div class=\"wp-block-query is-layout-flow wp-block-query-is-layout-flow\"><div class=\"wp-block-query-no-results\">\n\n<p>No se han encontrado resultados<\/p>\n\n<\/div><\/div>\n\n\n\n<div class=\"wp-block-columns is-layout-flex wp-container-core-columns-is-layout-9d6595d7 wp-block-columns-is-layout-flex\">\n<div class=\"wp-block-column is-layout-flow wp-block-column-is-layout-flow\" style=\"flex-basis:33.33%\"><\/div>\n<\/div>\n","protected":false},"excerpt":{"rendered":"<p>Solicitud de cursos de formaci\u00f3n del profesorado novel interuniversitario Si tu titulaci\u00f3n o Centro necesita cursos de formaci\u00f3n espec\u00edfica, puedes enviar tu propuesta a nuestra direcci\u00f3n de correo electr\u00f3nico: virtuva@uva.es. La modalidad de los cursos puede ser presencial, semipresencial o completamente virtual. La financiaci\u00f3n de estos \u00abcursos a medida\u00bb debe ser asumida a partes iguales [&hellip;]<\/p>\n","protected":false},"author":1,"featured_media":3122,"parent":3087,"menu_order":0,"comment_status":"closed","ping_status":"closed","template":"fullwidth.php","meta":{"videodestacado":"","videodestacado_sr":"","footnotes":""},"categories":[],"tags":[],"class_list":["post-3138","page","type-page","status-publish","has-post-thumbnail","hentry"],"_links":{"self":[{"href":"https:\/\/virtuva.uva.es\/site\/wp-json\/wp\/v2\/pages\/3138","targetHints":{"allow":["GET"]}}],"collection":[{"href":"https:\/\/virtuva.uva.es\/site\/wp-json\/wp\/v2\/pages"}],"about":[{"href":"https:\/\/virtuva.uva.es\/site\/wp-json\/wp\/v2\/types\/page"}],"author":[{"embeddable":true,"href":"https:\/\/virtuva.uva.es\/site\/wp-json\/wp\/v2\/users\/1"}],"replies":[{"embeddable":true,"href":"https:\/\/virtuva.uva.es\/site\/wp-json\/wp\/v2\/comments?post=3138"}],"version-history":[{"count":5,"href":"https:\/\/virtuva.uva.es\/site\/wp-json\/wp\/v2\/pages\/3138\/revisions"}],"predecessor-version":[{"id":3174,"href":"https:\/\/virtuva.uva.es\/site\/wp-json\/wp\/v2\/pages\/3138\/revisions\/3174"}],"up":[{"embeddable":true,"href":"https:\/\/virtuva.uva.es\/site\/wp-json\/wp\/v2\/pages\/3087"}],"wp:featuredmedia":[{"embeddable":true,"href":"https:\/\/virtuva.uva.es\/site\/wp-json\/wp\/v2\/media\/3122"}],"wp:attachment":[{"href":"https:\/\/virtuva.uva.es\/site\/wp-json\/wp\/v2\/media?parent=3138"}],"wp:term":[{"taxonomy":"category","embeddable":true,"href":"https:\/\/virtuva.uva.es\/site\/wp-json\/wp\/v2\/categories?post=3138"},{"taxonomy":"post_tag","embeddable":true,"href":"https:\/\/virtuva.uva.es\/site\/wp-json\/wp\/v2\/tags?post=3138"}],"curies":[{"name":"wp","href":"https:\/\/api.w.org\/{rel}","templated":true}]}}