{"id":3087,"date":"2025-10-09T09:11:21","date_gmt":"2025-10-09T09:11:21","guid":{"rendered":"https:\/\/virtuva.uva.es\/site\/?page_id=3087"},"modified":"2025-10-09T09:22:52","modified_gmt":"2025-10-09T09:22:52","slug":"formacion-inicial","status":"publish","type":"page","link":"https:\/\/virtuva.uva.es\/site\/formacion-inicial\/","title":{"rendered":"Formaci\u00f3n Inicial"},"content":{"rendered":"\n<p>La mejora de la calidad docente universitaria exige no solo la actualizaci\u00f3n continua del profesorado, sino tambi\u00e9n una preparaci\u00f3n inicial s\u00f3lida que siente las bases de una carrera acad\u00e9mica responsable, innovadora y comprometida con el aprendizaje del estudiantado. En este marco y atendiendo al nuevo contexto normativo que refuerza la necesidad de una <strong>formaci\u00f3n inicial reglada para el profesorado universitario novel<\/strong>, se presenta el siguiente <strong>Plan de Formaci\u00f3n del Profesorado PAYUD<\/strong>.<\/p>\n\n\n\n<div class=\"wp-block-cover alignfull is-light has-custom-content-position is-position-top-center\"><span aria-hidden=\"true\" class=\"wp-block-cover__background has-white-background-color has-background-dim-0 has-background-dim\"><\/span><div class=\"wp-block-cover__inner-container is-layout-flow wp-block-cover-is-layout-flow\">\n<div style=\"height:45px\" aria-hidden=\"true\" class=\"wp-block-spacer\"><\/div>\n\n\n\n<div class=\"wp-block-columns is-layout-flex wp-container-core-columns-is-layout-9d6595d7 wp-block-columns-is-layout-flex\">\n<div class=\"wp-block-column is-layout-flow wp-block-column-is-layout-flow\" style=\"flex-basis:33.34%\">\n<div class=\"wp-block-cover is-light mb-3 p-2 mas-info\" style=\"min-height:250px;aspect-ratio:unset;\"><img loading=\"lazy\" decoding=\"async\" width=\"640\" height=\"360\" class=\"wp-block-cover__image-background wp-image-364\" alt=\"\" src=\"https:\/\/virtuva.uva.es\/site\/wp-content\/uploads\/2022\/06\/webinarios_bluelight.png\" style=\"object-position:100% 4%\" data-object-fit=\"cover\" data-object-position=\"100% 4%\" srcset=\"https:\/\/virtuva.uva.es\/site\/wp-content\/uploads\/2022\/06\/webinarios_bluelight.png 640w, https:\/\/virtuva.uva.es\/site\/wp-content\/uploads\/2022\/06\/webinarios_bluelight-300x169.png 300w\" sizes=\"auto, (max-width: 640px) 100vw, 640px\" \/><span aria-hidden=\"true\" class=\"wp-block-cover__background has-vivid-red-background-color has-background-dim-40 has-background-dim\"><\/span><div class=\"wp-block-cover__inner-container is-layout-flow wp-block-cover-is-layout-flow\">\n<p class=\"has-text-align-center has-large-font-size has-white-color has-text-color\"><a href=\"https:\/\/virtuva.uva.es\/site\/formacion-inicial\/formacion-payud\/\" data-type=\"page\" data-id=\"2605\"  title=\"La informaci\u00f3n se abrir\u00e1 en una nueva ventana\" target=\"_blank\">Formaci\u00f3n PAYUD<\/a><\/p>\n<\/div><\/div>\n<\/div>\n\n\n\n<div class=\"wp-block-column is-layout-flow wp-block-column-is-layout-flow\" style=\"flex-basis:33.33%\"><\/div>\n\n\n\n<div class=\"wp-block-column is-layout-flow wp-block-column-is-layout-flow\" style=\"flex-basis:33.33%\"><\/div>\n<\/div>\n<\/div><\/div>\n","protected":false},"excerpt":{"rendered":"<p>La mejora de la calidad docente universitaria exige no solo la actualizaci\u00f3n continua del profesorado, sino tambi\u00e9n una preparaci\u00f3n inicial s\u00f3lida que siente las bases de una carrera acad\u00e9mica responsable, innovadora y comprometida con el aprendizaje del estudiantado. En este marco y atendiendo al nuevo contexto normativo que refuerza la necesidad de una formaci\u00f3n inicial [&hellip;]<\/p>\n","protected":false},"author":1,"featured_media":0,"parent":0,"menu_order":0,"comment_status":"closed","ping_status":"closed","template":"fullwidth.php","meta":{"videodestacado":"","videodestacado_sr":"","footnotes":""},"categories":[],"tags":[],"class_list":["post-3087","page","type-page","status-publish","hentry"],"_links":{"self":[{"href":"https:\/\/virtuva.uva.es\/site\/wp-json\/wp\/v2\/pages\/3087","targetHints":{"allow":["GET"]}}],"collection":[{"href":"https:\/\/virtuva.uva.es\/site\/wp-json\/wp\/v2\/pages"}],"about":[{"href":"https:\/\/virtuva.uva.es\/site\/wp-json\/wp\/v2\/types\/page"}],"author":[{"embeddable":true,"href":"https:\/\/virtuva.uva.es\/site\/wp-json\/wp\/v2\/users\/1"}],"replies":[{"embeddable":true,"href":"https:\/\/virtuva.uva.es\/site\/wp-json\/wp\/v2\/comments?post=3087"}],"version-history":[{"count":31,"href":"https:\/\/virtuva.uva.es\/site\/wp-json\/wp\/v2\/pages\/3087\/revisions"}],"predecessor-version":[{"id":3175,"href":"https:\/\/virtuva.uva.es\/site\/wp-json\/wp\/v2\/pages\/3087\/revisions\/3175"}],"wp:attachment":[{"href":"https:\/\/virtuva.uva.es\/site\/wp-json\/wp\/v2\/media?parent=3087"}],"wp:term":[{"taxonomy":"category","embeddable":true,"href":"https:\/\/virtuva.uva.es\/site\/wp-json\/wp\/v2\/categories?post=3087"},{"taxonomy":"post_tag","embeddable":true,"href":"https:\/\/virtuva.uva.es\/site\/wp-json\/wp\/v2\/tags?post=3087"}],"curies":[{"name":"wp","href":"https:\/\/api.w.org\/{rel}","templated":true}]}}