{"id":1811,"date":"2023-11-16T09:15:09","date_gmt":"2023-11-16T09:15:09","guid":{"rendered":"https:\/\/virtuva.uva.es\/site\/?page_id=1811"},"modified":"2025-04-11T07:13:51","modified_gmt":"2025-04-11T07:13:51","slug":"prestamo-de-materiales","status":"publish","type":"page","link":"https:\/\/virtuva.uva.es\/site\/prestamo-de-materiales\/","title":{"rendered":"Pr\u00e9stamo de materiales"},"content":{"rendered":"\n<h1 class=\"wp-block-heading has-text-align-center h4 mb-3 has-text-color has-large-font-size\" style=\"color:#9d0043;font-style:normal;font-weight:300;text-transform:uppercase\">Pr\u00e9stamo de materiales<\/h1>\n\n\n\n<div class=\"wp-block-query is-layout-flow wp-block-query-is-layout-flow\"><ul class=\"columns-2 wp-block-post-template is-layout-grid wp-container-core-post-template-is-layout-17361a50 wp-block-post-template-is-layout-grid\"><li class=\"wp-block-post post-2624 post type-post status-publish format-standard has-post-thumbnail hentry category-prestamo-materiales\">\n<figure class=\"wp-block-post-featured-image\"><img loading=\"lazy\" decoding=\"async\" width=\"1910\" height=\"813\" src=\"https:\/\/virtuva.uva.es\/site\/wp-content\/uploads\/2025\/04\/Tutoriales_prestamo_VirtUVa.png\" class=\"attachment-post-thumbnail size-post-thumbnail wp-post-image\" alt=\"\" style=\"object-fit:cover;\" srcset=\"https:\/\/virtuva.uva.es\/site\/wp-content\/uploads\/2025\/04\/Tutoriales_prestamo_VirtUVa.png 1910w, https:\/\/virtuva.uva.es\/site\/wp-content\/uploads\/2025\/04\/Tutoriales_prestamo_VirtUVa-300x128.png 300w, https:\/\/virtuva.uva.es\/site\/wp-content\/uploads\/2025\/04\/Tutoriales_prestamo_VirtUVa-1024x436.png 1024w, https:\/\/virtuva.uva.es\/site\/wp-content\/uploads\/2025\/04\/Tutoriales_prestamo_VirtUVa-768x327.png 768w, https:\/\/virtuva.uva.es\/site\/wp-content\/uploads\/2025\/04\/Tutoriales_prestamo_VirtUVa-1536x654.png 1536w\" sizes=\"auto, (max-width: 1910px) 100vw, 1910px\" \/><span class=\"wp-block-post-featured-image__overlay has-background-dim has-background-dim-10\" style=\"background-color: #003a70\" aria-hidden=\"true\"><\/span><\/figure>\n\n<h2 style=\"text-transform:uppercase;\" class=\"has-text-align-center h6 wp-block-post-title\"><a href=\"https:\/\/virtuva.uva.es\/site\/tutoriales\/\" target=\"_self\" >Tutoriales<\/a><\/h2>\n\n<div class=\"sr-only wp-block-post-excerpt\"><p class=\"wp-block-post-excerpt__excerpt\">El centro VirtUVa pone a disposici\u00f3n de los distintos colectivos de la Universidad de Valladolid tutoriales para facilitar el uso de los materiales del servicio de pr\u00e9stamo. <\/p><\/div>\n<\/li><li class=\"wp-block-post post-1332 post type-post status-publish format-standard has-post-thumbnail hentry category-prestamo-materiales\">\n<figure class=\"wp-block-post-featured-image\"><img loading=\"lazy\" decoding=\"async\" width=\"1347\" height=\"367\" src=\"https:\/\/virtuva.uva.es\/site\/wp-content\/uploads\/2023\/04\/materialesLIDUVa.jpg\" class=\"attachment-post-thumbnail size-post-thumbnail wp-post-image\" alt=\"Materiales LIDUVa: ordenador port\u00e1til, micr\u00f3fono, interfaz de audio, c\u00e1mara y focos.\" style=\"object-fit:cover;\" srcset=\"https:\/\/virtuva.uva.es\/site\/wp-content\/uploads\/2023\/04\/materialesLIDUVa.jpg 1347w, https:\/\/virtuva.uva.es\/site\/wp-content\/uploads\/2023\/04\/materialesLIDUVa-300x82.jpg 300w, https:\/\/virtuva.uva.es\/site\/wp-content\/uploads\/2023\/04\/materialesLIDUVa-1024x279.jpg 1024w, https:\/\/virtuva.uva.es\/site\/wp-content\/uploads\/2023\/04\/materialesLIDUVa-768x209.jpg 768w\" sizes=\"auto, (max-width: 1347px) 100vw, 1347px\" \/><span class=\"wp-block-post-featured-image__overlay has-background-dim has-background-dim-10\" style=\"background-color: #003a70\" aria-hidden=\"true\"><\/span><\/figure>\n\n<h2 style=\"text-transform:uppercase;\" class=\"has-text-align-center h6 wp-block-post-title\"><a href=\"https:\/\/virtuva.uva.es\/site\/materiales-liduva\/\" target=\"_self\" >Materiales LIDUVa<\/a><\/h2>\n\n<div class=\"sr-only wp-block-post-excerpt\"><p class=\"wp-block-post-excerpt__excerpt\">El centro VirtUVa pone a disposici\u00f3n de los distintos colectivos de la Universidad de Valladolid, en la modalidad de pr\u00e9stamo, ordenadores port\u00e1tiles, micr\u00f3fonos, interfaz de audio, c\u00e1mara fotogr\u00e1fica, focos LED, anillos de luz LED, unidades Podcast, tablets y pizarras. <\/p><\/div>\n<\/li><li class=\"wp-block-post post-1336 post type-post status-publish format-standard has-post-thumbnail hentry category-prestamo-materiales\">\n<figure class=\"wp-block-post-featured-image\"><img loading=\"lazy\" decoding=\"async\" width=\"1000\" height=\"272\" src=\"https:\/\/virtuva.uva.es\/site\/wp-content\/uploads\/2023\/04\/kit_streaming.jpg\" class=\"attachment-post-thumbnail size-post-thumbnail wp-post-image\" alt=\"Kit streaming: webcam, tr\u00edpode, ordenador port\u00e1til, router 4G\" style=\"object-fit:cover;\" srcset=\"https:\/\/virtuva.uva.es\/site\/wp-content\/uploads\/2023\/04\/kit_streaming.jpg 1000w, https:\/\/virtuva.uva.es\/site\/wp-content\/uploads\/2023\/04\/kit_streaming-300x82.jpg 300w, https:\/\/virtuva.uva.es\/site\/wp-content\/uploads\/2023\/04\/kit_streaming-768x209.jpg 768w\" sizes=\"auto, (max-width: 1000px) 100vw, 1000px\" \/><span class=\"wp-block-post-featured-image__overlay has-background-dim has-background-dim-10\" style=\"background-color: #003a70\" aria-hidden=\"true\"><\/span><\/figure>\n\n<h2 style=\"text-transform:uppercase;\" class=\"has-text-align-center h6 wp-block-post-title\"><a href=\"https:\/\/virtuva.uva.es\/site\/kit-de-streaming\/\" target=\"_self\" >Kit de Streaming<\/a><\/h2>\n\n<div class=\"sr-only wp-block-post-excerpt\"><p class=\"wp-block-post-excerpt__excerpt\">Disponemos de 6 kits m\u00f3viles para la emisi\u00f3n de eventos corporativos que pueden ser solicitados, para dicho fin, por la comunidad universitaria de la Universidad de Valladolid. <\/p><\/div>\n<\/li><li class=\"wp-block-post post-1875 post type-post status-publish format-standard has-post-thumbnail hentry category-prestamo-materiales\">\n<figure class=\"wp-block-post-featured-image\"><img loading=\"lazy\" decoding=\"async\" width=\"752\" height=\"346\" src=\"https:\/\/virtuva.uva.es\/site\/wp-content\/uploads\/2023\/12\/aula71-e1702476630941.jpg\" class=\"attachment-post-thumbnail size-post-thumbnail wp-post-image\" alt=\"\" style=\"object-fit:cover;\" srcset=\"https:\/\/virtuva.uva.es\/site\/wp-content\/uploads\/2023\/12\/aula71-e1702476630941.jpg 752w, https:\/\/virtuva.uva.es\/site\/wp-content\/uploads\/2023\/12\/aula71-e1702476630941-300x138.jpg 300w\" sizes=\"auto, (max-width: 752px) 100vw, 752px\" \/><span class=\"wp-block-post-featured-image__overlay has-background-dim has-background-dim-10\" style=\"background-color: #003a70\" aria-hidden=\"true\"><\/span><\/figure>\n\n<h2 style=\"text-transform:uppercase;\" class=\"has-text-align-center h6 wp-block-post-title\"><a href=\"https:\/\/virtuva.uva.es\/site\/reserva-de-aulas\/\" target=\"_self\" >Reserva de Aulas de Formaci\u00f3n<\/a><\/h2>\n\n<div class=\"sr-only wp-block-post-excerpt\"><p class=\"wp-block-post-excerpt__excerpt\">Contamos con 2 aulas ubicadas en el Edificio Rector Tejerina, en la plaza de Santa Cruz n\u00ba6, que pueden ser reservadas para cualquier actividad en el marco de los Proyectos de Innovaci\u00f3n Docente. <\/p><\/div>\n<\/li><\/ul>\n\n<\/div>\n\n\n\n<div style=\"height:67px\" aria-hidden=\"true\" class=\"wp-block-spacer\"><\/div>\n\n\n\n<h1 class=\"wp-block-heading has-text-align-center h4 has-text-color has-large-font-size\" style=\"color:#9d0043;font-style:normal;font-weight:300;text-transform:uppercase\"><\/h1>\n\n\n\n<div class=\"wp-block-columns is-layout-flex wp-container-core-columns-is-layout-9d6595d7 wp-block-columns-is-layout-flex\">\n<div class=\"wp-block-column is-layout-flow wp-block-column-is-layout-flow\"><\/div>\n\n\n\n<div class=\"wp-block-column is-layout-flow wp-block-column-is-layout-flow\"><\/div>\n\n\n\n<div class=\"wp-block-column is-layout-flow wp-block-column-is-layout-flow\"><\/div>\n<\/div>\n\n\n\n<p class=\"has-large-font-size\"><\/p>\n","protected":false},"excerpt":{"rendered":"<p>Pr\u00e9stamo de materiales<\/p>\n","protected":false},"author":1,"featured_media":0,"parent":0,"menu_order":0,"comment_status":"closed","ping_status":"closed","template":"fullwidth-notitle.php","meta":{"videodestacado":"","videodestacado_sr":"","footnotes":""},"categories":[32],"tags":[],"class_list":["post-1811","page","type-page","status-publish","hentry","category-recursos-de-apoyo"],"_links":{"self":[{"href":"https:\/\/virtuva.uva.es\/site\/wp-json\/wp\/v2\/pages\/1811","targetHints":{"allow":["GET"]}}],"collection":[{"href":"https:\/\/virtuva.uva.es\/site\/wp-json\/wp\/v2\/pages"}],"about":[{"href":"https:\/\/virtuva.uva.es\/site\/wp-json\/wp\/v2\/types\/page"}],"author":[{"embeddable":true,"href":"https:\/\/virtuva.uva.es\/site\/wp-json\/wp\/v2\/users\/1"}],"replies":[{"embeddable":true,"href":"https:\/\/virtuva.uva.es\/site\/wp-json\/wp\/v2\/comments?post=1811"}],"version-history":[{"count":3,"href":"https:\/\/virtuva.uva.es\/site\/wp-json\/wp\/v2\/pages\/1811\/revisions"}],"predecessor-version":[{"id":3030,"href":"https:\/\/virtuva.uva.es\/site\/wp-json\/wp\/v2\/pages\/1811\/revisions\/3030"}],"wp:attachment":[{"href":"https:\/\/virtuva.uva.es\/site\/wp-json\/wp\/v2\/media?parent=1811"}],"wp:term":[{"taxonomy":"category","embeddable":true,"href":"https:\/\/virtuva.uva.es\/site\/wp-json\/wp\/v2\/categories?post=1811"},{"taxonomy":"post_tag","embeddable":true,"href":"https:\/\/virtuva.uva.es\/site\/wp-json\/wp\/v2\/tags?post=1811"}],"curies":[{"name":"wp","href":"https:\/\/api.w.org\/{rel}","templated":true}]}}