{"id":1542,"date":"2023-05-25T06:55:30","date_gmt":"2023-05-25T06:55:30","guid":{"rendered":"http:\/\/virtuva.uva.es\/site\/?page_id=1542"},"modified":"2025-10-06T07:32:08","modified_gmt":"2025-10-06T07:32:08","slug":"accesibilidad","status":"publish","type":"page","link":"https:\/\/virtuva.uva.es\/site\/accesibilidad\/","title":{"rendered":"Accesibilidad"},"content":{"rendered":"\n<h2 class=\"wp-block-heading\">Declaraci\u00f3n de accesibilidad<\/h2>\n\n\n\n<p>La Universidad de Valladolid&nbsp;se ha comprometido a hacer accesible <strong>VirtUVa<\/strong>, su Centro de Ense\u00f1anza Online, Formaci\u00f3n e Innovaci\u00f3n Docente, de conformidad con el Real Decreto 1112\/2018, de 7 de septiembre, sobre accesibilidad de los sitios web y aplicaciones para dispositivos m\u00f3viles del sector p\u00fablico (en adelante, RD 1112\/2018, de 7 de septiembre).<\/p>\n\n\n\n<p>La presente declaraci\u00f3n de accesibilidad se aplica al sitio web&nbsp;<a href=\"https:\/\/virtuva.uva.es\/\">https:\/\/virtuva.uva.es\/<\/a> excluyendo los contenidos incrustados provenientes de otros dominios.<\/p>\n\n\n\n<h3 class=\"wp-block-heading\">Situaci\u00f3n de cumplimiento<\/h3>\n\n\n\n<p>Este sitio web es <strong>parcialmente conforme<\/strong> con el RD 1112\/2018, de 7 de septiembre, debido a las excepciones y a la falta de conformidad de los aspectos que se indican a continuaci\u00f3n.<\/p>\n\n\n\n<h3 class=\"wp-block-heading\">Contenido no accesible<\/h3>\n\n\n\n<p>El contenido que se recoge a continuaci\u00f3n no es accesible por lo siguiente:<\/p>\n\n\n\n<ol style=\"list-style-type:1\" class=\"wp-block-list\">\n<li><strong>Falta de conformidad con RD 1112\/2018:<\/strong>\n<ul class=\"wp-block-list\">\n<li>Las diferentes infograf\u00edas existentes en la web contienen botones para compartir el contenido en redes con textos en ingl\u00e9s, en el que no est\u00e1 correctamente etiquetado el cambio de idioma y no es evidente la accesibilidad a trav\u00e9s del teclado.<\/li>\n\n\n\n<li>Puede haber archivos ofim\u00e1ticos en PDF publicados con posterioridad al 8 de marzo de 2019 que no cumplen en su totalidad con todos los requisitos de accesibilidad por estar en revisi\u00f3n y\/o ser contenido de terceros.<\/li>\n\n\n\n<li>Debido a que se utiliza un gestor de contenidos, podr\u00edan existir fallos puntuales de edici\u00f3n en alguna p\u00e1gina web, tanto en contenidos HTML como en documentos finales.<\/li>\n<\/ul>\n<\/li>\n\n\n\n<li><strong>Carga desproporcionada:<\/strong>&nbsp;No aplica.<\/li>\n\n\n\n<li><strong>El contenido no entra dentro del \u00e1mbito de la legislaci\u00f3n aplicable:<\/strong>&nbsp;podr\u00edan existir archivos ofim\u00e1ticos en PDF u otros formatos publicados antes del 8 de marzo de 2019 que no cumplan en su totalidad todos los requisitos de accesibilidad.<\/li>\n<\/ol>\n\n\n\n<h3 class=\"wp-block-heading\">Preparaci\u00f3n de la presente declaraci\u00f3n de accesibilidad<\/h3>\n\n\n\n<p>La presente declaraci\u00f3n fue preparada el 24 de mayo de 2023.<\/p>\n\n\n\n<p>El m\u00e9todo empleado para preparar la declaraci\u00f3n ha sido una evaluaci\u00f3n externa llevada a cabo por la&nbsp;<strong><u><a href=\"https:\/\/www.aspaymcyl.org\/webs-accesibles\/virtuva\/\"  title=\"La informaci\u00f3n se abrir\u00e1 en una nueva ventana\" target=\"_blank\">Fundaci\u00f3n ASPAYM Castilla y Le\u00f3n.<\/a><\/u><\/strong><\/p>\n\n\n<div class=\"wp-block-image\">\n<figure class=\"aligncenter size-full is-resized\"><a href=\"https:\/\/www.aspaymcyl.org\/webs-accesibles\/virtuva\/\" target=\"_blank\" rel=\"noreferrer noopener\"><img loading=\"lazy\" decoding=\"async\" width=\"537\" height=\"250\" src=\"http:\/\/virtuva.uva.es\/site\/wp-content\/uploads\/2023\/05\/Certificado-WCAG21-nivel-AA.png\" alt=\"WCAG 2.1 ASPAYM Nivel AA\" class=\"wp-image-1543\" style=\"width:403px;height:188px\" srcset=\"https:\/\/virtuva.uva.es\/site\/wp-content\/uploads\/2023\/05\/Certificado-WCAG21-nivel-AA.png 537w, https:\/\/virtuva.uva.es\/site\/wp-content\/uploads\/2023\/05\/Certificado-WCAG21-nivel-AA-300x140.png 300w\" sizes=\"auto, (max-width: 537px) 100vw, 537px\" \/><\/a><\/figure>\n<\/div>\n\n\n<p>\u00daltima revisi\u00f3n de la declaraci\u00f3n: 6 de octubre de 2025.<\/p>\n\n\n\n<h3 class=\"wp-block-heading\">Observaciones y datos de contacto<\/h3>\n\n\n\n<p>Puede realizar comunicaciones sobre requisitos de accesibilidad (art\u00edculo 10.2.a) del Real Decreto 1112\/2018, de 7 de septiembre) como, por ejemplo:<\/p>\n\n\n\n<ul class=\"wp-block-list\">\n<li>Informar sobre cualquier posible incumplimiento por parte de este sitio web.<\/li>\n\n\n\n<li>Transmitir otras dificultades de acceso al contenido.<\/li>\n\n\n\n<li>Formular cualquier otra consulta o sugerencia de mejora relativa a la accesibilidad del sitio web.<\/li>\n<\/ul>\n\n\n\n<p>Utilizando las siguientes v\u00edas:<\/p>\n\n\n\n<ul class=\"wp-block-list\">\n<li>Correo electr\u00f3nico:&nbsp;<a href=\"mailto:ura@uva.es\"><strong>ura@uva.es<\/strong><\/a><\/li>\n\n\n\n<li>Tel\u00e9fono: 983 18 44 47<\/li>\n<\/ul>\n\n\n\n<h3 class=\"wp-block-heading\">Procedimiento de aplicaci\u00f3n<\/h3>\n\n\n\n<p>A trav\u00e9s de este procedimiento podr\u00e1 iniciar una reclamaci\u00f3n para conocer y oponerse a los motivos de la desestimaci\u00f3n de una solicitud de informaci\u00f3n accesible o queja, instar la adopci\u00f3n de las medidas oportunas en el caso de no estar de acuerdo con la decisi\u00f3n adoptada, o exponer las razones por las que se considera que la respuesta no cumple con los requisitos exigidos.<\/p>\n\n\n\n<ul class=\"wp-block-list\">\n<li>Correo electr\u00f3nico:&nbsp;<a href=\"mailto:virtuva@uva.es\"><strong><\/strong><\/a><strong><a href=\"mailto:ura@uva.es\"><strong>ura@uva.es<\/strong><\/a><\/strong><\/li>\n\n\n\n<li>Tel\u00e9fono: 983 18 44 47<\/li>\n<\/ul>\n\n\n\n<h3 class=\"wp-block-heading\">Contenido opcional<\/h3>\n\n\n\n<ul class=\"wp-block-list\">\n<li>La versi\u00f3n actualmente visible de este sitio web es de junio de 2021. A partir de dicha fecha se llevan a cabo revisiones parciales de los contenidos, tanto de las plantillas como de las p\u00e1ginas y documentos finales publicados, a fin de asegurar el cumplimiento de los requerimientos de accesibilidad que actualmente son los de A y AA de la norma WCAG 2.1, considerando las excepciones del Real Decreto 1112\/2018, de 7 de septiembre.<\/li>\n\n\n\n<li>El sitio web est\u00e1 dise\u00f1ado para su correcta visualizaci\u00f3n en cualquier resoluci\u00f3n y dispositivo de escritorio, tabletas o m\u00f3viles (dise\u00f1o responsive).<\/li>\n<\/ul>\n","protected":false},"excerpt":{"rendered":"<p>Declaraci\u00f3n de accesibilidad La Universidad de Valladolid&nbsp;se ha comprometido a hacer accesible VirtUVa, su Centro de Ense\u00f1anza Online, Formaci\u00f3n e Innovaci\u00f3n Docente, de conformidad con el Real Decreto 1112\/2018, de 7 de septiembre, sobre accesibilidad de los sitios web y aplicaciones para dispositivos m\u00f3viles del sector p\u00fablico (en adelante, RD 1112\/2018, de 7 de septiembre). [&hellip;]<\/p>\n","protected":false},"author":1,"featured_media":0,"parent":0,"menu_order":0,"comment_status":"closed","ping_status":"closed","template":"fullwidth.php","meta":{"videodestacado":"","videodestacado_sr":"","footnotes":""},"categories":[],"tags":[],"class_list":["post-1542","page","type-page","status-publish","hentry"],"_links":{"self":[{"href":"https:\/\/virtuva.uva.es\/site\/wp-json\/wp\/v2\/pages\/1542","targetHints":{"allow":["GET"]}}],"collection":[{"href":"https:\/\/virtuva.uva.es\/site\/wp-json\/wp\/v2\/pages"}],"about":[{"href":"https:\/\/virtuva.uva.es\/site\/wp-json\/wp\/v2\/types\/page"}],"author":[{"embeddable":true,"href":"https:\/\/virtuva.uva.es\/site\/wp-json\/wp\/v2\/users\/1"}],"replies":[{"embeddable":true,"href":"https:\/\/virtuva.uva.es\/site\/wp-json\/wp\/v2\/comments?post=1542"}],"version-history":[{"count":15,"href":"https:\/\/virtuva.uva.es\/site\/wp-json\/wp\/v2\/pages\/1542\/revisions"}],"predecessor-version":[{"id":3086,"href":"https:\/\/virtuva.uva.es\/site\/wp-json\/wp\/v2\/pages\/1542\/revisions\/3086"}],"wp:attachment":[{"href":"https:\/\/virtuva.uva.es\/site\/wp-json\/wp\/v2\/media?parent=1542"}],"wp:term":[{"taxonomy":"category","embeddable":true,"href":"https:\/\/virtuva.uva.es\/site\/wp-json\/wp\/v2\/categories?post=1542"},{"taxonomy":"post_tag","embeddable":true,"href":"https:\/\/virtuva.uva.es\/site\/wp-json\/wp\/v2\/tags?post=1542"}],"curies":[{"name":"wp","href":"https:\/\/api.w.org\/{rel}","templated":true}]}}